{"id":1043,"date":"2020-07-09T23:00:00","date_gmt":"2020-07-09T23:00:00","guid":{"rendered":"http:\/\/www.greenflore.com\/?page_id=1043"},"modified":"2024-02-20T12:00:30","modified_gmt":"2024-02-20T12:00:30","slug":"lalternance","status":"publish","type":"page","link":"https:\/\/www.greenflore.fr\/?page_id=1043","title":{"rendered":"Stage ou Alternance"},"content":{"rendered":"<div class=\"wpforms-container wpforms-container-full\" id=\"wpforms-1917\"><form id=\"wpforms-form-1917\" class=\"wpforms-validate wpforms-form\" data-formid=\"1917\" method=\"post\" enctype=\"multipart\/form-data\" action=\"\/index.php?rest_route=%2Fwp%2Fv2%2Fpages%2F1043\"><noscript class=\"wpforms-error-noscript\">Veuillez activer JavaScript dans votre navigateur pour remplir ce formulaire.<\/noscript><div class=\"wpforms-field-container\"><div id=\"wpforms-1917-field_20-container\" class=\"wpforms-field wpforms-field-checkbox wpforms-list-inline\" data-field-id=\"20\"><label class=\"wpforms-field-label\" for=\"wpforms-1917-field_20\">Cases \u00e0 cocher <span class=\"wpforms-required-label\">*<\/span><\/label><ul id=\"wpforms-1917-field_20\" class=\"wpforms-field-required\"><li class=\"choice-1 depth-1\"><input type=\"checkbox\" id=\"wpforms-1917-field_20_1\" name=\"wpforms[fields][20][]\" value=\"M\" required ><label class=\"wpforms-field-label-inline\" for=\"wpforms-1917-field_20_1\">M<\/label><\/li><li class=\"choice-2 depth-1\"><input type=\"checkbox\" id=\"wpforms-1917-field_20_2\" name=\"wpforms[fields][20][]\" value=\"Mme\" required ><label class=\"wpforms-field-label-inline\" for=\"wpforms-1917-field_20_2\">Mme<\/label><\/li><\/ul><\/div><div id=\"wpforms-1917-field_18-container\" class=\"wpforms-field wpforms-field-text\" data-field-id=\"18\"><label class=\"wpforms-field-label\" for=\"wpforms-1917-field_18\">Nom <span class=\"wpforms-required-label\">*<\/span><\/label><input type=\"text\" id=\"wpforms-1917-field_18\" class=\"wpforms-field-medium wpforms-field-required\" name=\"wpforms[fields][18]\" required><\/div><div id=\"wpforms-1917-field_19-container\" class=\"wpforms-field wpforms-field-text\" data-field-id=\"19\"><label class=\"wpforms-field-label\" for=\"wpforms-1917-field_19\">Pr\u00e9nom <span class=\"wpforms-required-label\">*<\/span><\/label><input type=\"text\" id=\"wpforms-1917-field_19\" class=\"wpforms-field-medium wpforms-field-required\" name=\"wpforms[fields][19]\" required><\/div><div id=\"wpforms-1917-field_9-container\" class=\"wpforms-field wpforms-field-text\" data-field-id=\"9\"><label class=\"wpforms-field-label\" for=\"wpforms-1917-field_9\">Adresse <span class=\"wpforms-required-label\">*<\/span><\/label><input type=\"text\" id=\"wpforms-1917-field_9\" class=\"wpforms-field-large wpforms-field-required\" name=\"wpforms[fields][9]\" required><\/div><div id=\"wpforms-1917-field_12-container\" class=\"wpforms-field wpforms-field-number wpforms-one-half wpforms-first\" data-field-id=\"12\"><label class=\"wpforms-field-label\" for=\"wpforms-1917-field_12\">Code Postal <span class=\"wpforms-required-label\">*<\/span><\/label><input type=\"number\" pattern=\"\\d*\" id=\"wpforms-1917-field_12\" class=\"wpforms-field-small wpforms-field-required\" name=\"wpforms[fields][12]\" required><\/div><div id=\"wpforms-1917-field_10-container\" class=\"wpforms-field wpforms-field-text\" data-field-id=\"10\"><label class=\"wpforms-field-label\" for=\"wpforms-1917-field_10\">Ville <span class=\"wpforms-required-label\">*<\/span><\/label><input type=\"text\" id=\"wpforms-1917-field_10\" class=\"wpforms-field-medium wpforms-field-required\" name=\"wpforms[fields][10]\" required><\/div><div id=\"wpforms-1917-field_1-container\" class=\"wpforms-field wpforms-field-email\" data-field-id=\"1\"><label class=\"wpforms-field-label\" for=\"wpforms-1917-field_1\">Email <span class=\"wpforms-required-label\">*<\/span><\/label><input type=\"email\" id=\"wpforms-1917-field_1\" class=\"wpforms-field-large wpforms-field-required\" name=\"wpforms[fields][1]\" spellcheck=\"false\" required><div class=\"wpforms-field-description\">Saisissez un email valide<\/div><\/div><div id=\"wpforms-1917-field_13-container\" class=\"wpforms-field wpforms-field-number wpforms-two-thirds wpforms-first\" data-field-id=\"13\"><label class=\"wpforms-field-label\" for=\"wpforms-1917-field_13\">T\u00e9l\u00e9phone <span class=\"wpforms-required-label\">*<\/span><\/label><input type=\"number\" pattern=\"\\d*\" id=\"wpforms-1917-field_13\" class=\"wpforms-field-small wpforms-field-required\" name=\"wpforms[fields][13]\" required><\/div><div id=\"wpforms-1917-field_21-container\" class=\"wpforms-field wpforms-field-select wpforms-field-select-style-classic\" data-field-id=\"21\"><label class=\"wpforms-field-label\" for=\"wpforms-1917-field_21\">Quel type de contrat souhaitez-vous ?<\/label><select id=\"wpforms-1917-field_21\" class=\"wpforms-field-medium\" name=\"wpforms[fields][21]\"><option value=\"Contrat de professionnalisation\" >Contrat de professionnalisation<\/option><option value=\"Contrat d&#039;apprentissage\" >Contrat d&#039;apprentissage<\/option><\/select><\/div><div id=\"wpforms-1917-field_14-container\" class=\"wpforms-field wpforms-field-select wpforms-field-select-style-modern\" data-field-id=\"14\"><label class=\"wpforms-field-label\" for=\"wpforms-1917-field_14\">Dur\u00e9e du contrat souhait\u00e9 ? <span class=\"wpforms-required-label\">*<\/span><\/label><select id=\"wpforms-1917-field_14\" class=\"wpforms-field-small wpforms-field-required choicesjs-select\" data-size-class=\"wpforms-field-row wpforms-field-small\" data-search-enabled=\"\" name=\"wpforms[fields][14]\" required=\"required\"><option value=\"\" class=\"placeholder\" disabled  selected='selected'>Choisir<\/option><option value=\"Choisir\" >Choisir<\/option><option value=\"6 mois et moins\" >6 mois et moins<\/option><option value=\"1 an\" >1 an<\/option><option value=\"2 ans\" >2 ans<\/option><option value=\"3 ans et plus\" >3 ans et plus<\/option><\/select><\/div><div id=\"wpforms-1917-field_15-container\" class=\"wpforms-field wpforms-field-text\" data-field-id=\"15\"><label class=\"wpforms-field-label\" for=\"wpforms-1917-field_15\">Date de d\u00e9but du contrat souhait\u00e9 <span class=\"wpforms-required-label\">*<\/span><\/label><input type=\"text\" id=\"wpforms-1917-field_15\" class=\"wpforms-field-small wpforms-field-required\" name=\"wpforms[fields][15]\" required><\/div><div id=\"wpforms-1917-field_4-container\" class=\"wpforms-field wpforms-field-select wpforms-field-select-style-modern\" data-field-id=\"4\"><label class=\"wpforms-field-label\" for=\"wpforms-1917-field_4\">Dipl\u00f4me pr\u00e9par\u00e9 <span class=\"wpforms-required-label\">*<\/span><\/label><select id=\"wpforms-1917-field_4\" class=\"wpforms-field-medium wpforms-field-required choicesjs-select\" data-size-class=\"wpforms-field-row wpforms-field-medium\" data-search-enabled=\"1\" name=\"wpforms[fields][4]\" required=\"required\"><option value=\"\" class=\"placeholder\" disabled  selected='selected'>Aucun<\/option><option value=\"Aucun\" >Aucun<\/option><option value=\"CAP\" >CAP<\/option><option value=\"BEP\" >BEP<\/option><option value=\"BPA\" >BPA<\/option><option value=\"BP\" >BP<\/option><option value=\"BAC PRO \" >BAC PRO<\/option><option value=\"BTS - Bac2+\" >BTS - Bac2+<\/option><option value=\"Autre \" >Autre<\/option><\/select><\/div><div id=\"wpforms-1917-field_16-container\" class=\"wpforms-field wpforms-field-select wpforms-field-select-style-modern\" data-field-id=\"16\"><label class=\"wpforms-field-label\" for=\"wpforms-1917-field_16\">Sp\u00e9cialit\u00e9 <span class=\"wpforms-required-label\">*<\/span><\/label><select id=\"wpforms-1917-field_16\" class=\"wpforms-field-medium wpforms-field-required choicesjs-select\" data-size-class=\"wpforms-field-row wpforms-field-medium\" data-search-enabled=\"\" name=\"wpforms[fields][16]\" required=\"required\"><option value=\"\" class=\"placeholder\" disabled  selected='selected'>Choisir<\/option><option value=\"Choisir\" >Choisir<\/option><option value=\"Am\u00e9nagements paysagers - Travaux paysagers\" >Am\u00e9nagements paysagers - Travaux paysagers<\/option><option value=\"Gestion des milieux naturels et de la faune\" >Gestion des milieux naturels et de la faune<\/option><option value=\"Gestion et protection de la nature\" >Gestion et protection de la nature<\/option><option value=\"Secr\u00e9tariat, comptabilit\u00e9 \" >Secr\u00e9tariat, comptabilit\u00e9<\/option><option value=\"Commerce\" >Commerce<\/option><option value=\"Autres\" >Autres<\/option><\/select><\/div><div id=\"wpforms-1917-field_17-container\" class=\"wpforms-field wpforms-field-text\" data-field-id=\"17\"><label class=\"wpforms-field-label\" for=\"wpforms-1917-field_17\">Nom de votre \u00e9tablissement si vous le connaissez<\/label><input type=\"text\" id=\"wpforms-1917-field_17\" class=\"wpforms-field-medium\" name=\"wpforms[fields][17]\" ><div class=\"wpforms-field-description\">Nom de l'\u00e9tablissement et ville<\/div><\/div><div id=\"wpforms-1917-field_7-container\" class=\"wpforms-field wpforms-field-checkbox\" data-field-id=\"7\"><label class=\"wpforms-field-label\" for=\"wpforms-1917-field_7\">Si vous avez d\u00e9j\u00e0 un dipl\u00f4me vous pouvez l&#039;indiquer - plusieurs choix possible<\/label><ul id=\"wpforms-1917-field_7\"><li class=\"choice-7 depth-1\"><input type=\"checkbox\" id=\"wpforms-1917-field_7_7\" name=\"wpforms[fields][7][]\" value=\"Choisir\"  ><label class=\"wpforms-field-label-inline\" for=\"wpforms-1917-field_7_7\">Choisir<\/label><\/li><li class=\"choice-1 depth-1\"><input type=\"checkbox\" id=\"wpforms-1917-field_7_1\" name=\"wpforms[fields][7][]\" value=\"CAP\"  ><label class=\"wpforms-field-label-inline\" for=\"wpforms-1917-field_7_1\">CAP<\/label><\/li><li class=\"choice-2 depth-1\"><input type=\"checkbox\" id=\"wpforms-1917-field_7_2\" name=\"wpforms[fields][7][]\" value=\"BEP\"  ><label class=\"wpforms-field-label-inline\" for=\"wpforms-1917-field_7_2\">BEP<\/label><\/li><li class=\"choice-3 depth-1\"><input type=\"checkbox\" id=\"wpforms-1917-field_7_3\" name=\"wpforms[fields][7][]\" value=\"BP\"  ><label class=\"wpforms-field-label-inline\" for=\"wpforms-1917-field_7_3\">BP<\/label><\/li><li class=\"choice-4 depth-1\"><input type=\"checkbox\" id=\"wpforms-1917-field_7_4\" name=\"wpforms[fields][7][]\" value=\"BAC PRO\"  ><label class=\"wpforms-field-label-inline\" for=\"wpforms-1917-field_7_4\">BAC PRO<\/label><\/li><li class=\"choice-5 depth-1\"><input type=\"checkbox\" id=\"wpforms-1917-field_7_5\" name=\"wpforms[fields][7][]\" value=\"BTS\"  ><label class=\"wpforms-field-label-inline\" for=\"wpforms-1917-field_7_5\">BTS<\/label><\/li><li class=\"choice-6 depth-1\"><input type=\"checkbox\" id=\"wpforms-1917-field_7_6\" name=\"wpforms[fields][7][]\" value=\"Autre - Pr\u00e9cisez dans remarques\"  ><label class=\"wpforms-field-label-inline\" for=\"wpforms-1917-field_7_6\">Autre - Pr\u00e9cisez dans remarques<\/label><\/li><\/ul><\/div><div id=\"wpforms-1917-field_22-container\" class=\"wpforms-field wpforms-field-text\" data-field-id=\"22\"><label class=\"wpforms-field-label\" for=\"wpforms-1917-field_22\">Quelle(s) est la\/les sp\u00e9cialit\u00e9e(s) du\/des dipl\u00f4me(s) que vous poss\u00e9dez ?<\/label><input type=\"text\" id=\"wpforms-1917-field_22\" class=\"wpforms-field-medium\" name=\"wpforms[fields][22]\" ><\/div><div id=\"wpforms-1917-field_2-container\" class=\"wpforms-field wpforms-field-textarea\" data-field-id=\"2\"><label class=\"wpforms-field-label\" for=\"wpforms-1917-field_2\">Expliquez les raisons de votre demande<\/label><textarea id=\"wpforms-1917-field_2\" class=\"wpforms-field-large wpforms-limit-characters-enabled\" data-form-id=\"1917\" data-field-id=\"2\" data-text-limit=\"300\" name=\"wpforms[fields][2]\" maxlength=\"300\" ><\/textarea><div class=\"wpforms-field-description\">En quelques lignes<\/div><\/div><\/div><!-- .wpforms-field-container --><div class=\"wpforms-field wpforms-field-hp\"><label for=\"wpforms-1917-field-hp\" class=\"wpforms-field-label\">Email<\/label><input type=\"text\" name=\"wpforms[hp]\" id=\"wpforms-1917-field-hp\" class=\"wpforms-field-medium\"><\/div><div class=\"wpforms-submit-container\" ><input type=\"hidden\" name=\"wpforms[id]\" value=\"1917\"><input type=\"hidden\" name=\"wpforms[author]\" value=\"1\"><input type=\"hidden\" class=\"wpforms-token\" name=\"wpforms[token]\" value=\"c9de05aa639c0ec406d041219337ab32\" \/><button type=\"submit\" name=\"wpforms[submit]\" id=\"wpforms-submit-1917\" class=\"wpforms-submit button color3\" data-alt-text=\"Patientez\" data-submit-text=\"Envoyer la demande d&#039;un contrat en alternance\" aria-live=\"assertive\" value=\"wpforms-submit\">Envoyer la demande d&#039;un contrat en alternance<\/button><\/div><\/form><\/div>  <!-- .wpforms-container -->\n","protected":false},"excerpt":{"rendered":"","protected":false},"author":1,"featured_media":1908,"parent":0,"menu_order":0,"comment_status":"closed","ping_status":"closed","template":"","meta":{"footnotes":""},"_links":{"self":[{"href":"https:\/\/www.greenflore.fr\/index.php?rest_route=\/wp\/v2\/pages\/1043"}],"collection":[{"href":"https:\/\/www.greenflore.fr\/index.php?rest_route=\/wp\/v2\/pages"}],"about":[{"href":"https:\/\/www.greenflore.fr\/index.php?rest_route=\/wp\/v2\/types\/page"}],"author":[{"embeddable":true,"href":"https:\/\/www.greenflore.fr\/index.php?rest_route=\/wp\/v2\/users\/1"}],"replies":[{"embeddable":true,"href":"https:\/\/www.greenflore.fr\/index.php?rest_route=%2Fwp%2Fv2%2Fcomments&post=1043"}],"version-history":[{"count":5,"href":"https:\/\/www.greenflore.fr\/index.php?rest_route=\/wp\/v2\/pages\/1043\/revisions"}],"predecessor-version":[{"id":3375,"href":"https:\/\/www.greenflore.fr\/index.php?rest_route=\/wp\/v2\/pages\/1043\/revisions\/3375"}],"wp:featuredmedia":[{"embeddable":true,"href":"https:\/\/www.greenflore.fr\/index.php?rest_route=\/wp\/v2\/media\/1908"}],"wp:attachment":[{"href":"https:\/\/www.greenflore.fr\/index.php?rest_route=%2Fwp%2Fv2%2Fmedia&parent=1043"}],"curies":[{"name":"wp","href":"https:\/\/api.w.org\/{rel}","templated":true}]}}