{"id":1242,"date":"2020-10-13T10:18:37","date_gmt":"2020-10-13T10:18:37","guid":{"rendered":"http:\/\/www.greenflore.com\/?page_id=1242"},"modified":"2024-03-01T12:37:03","modified_gmt":"2024-03-01T12:37:03","slug":"infos-pratiques","status":"publish","type":"page","link":"https:\/\/www.greenflore.fr\/?page_id=1242","title":{"rendered":"Infos pratiques"},"content":{"rendered":"<div  data-label=\"About\" data-id=\"about--1\" data-export-id=\"about-9\" data-category=\"about\" class=\"about-9 content-section content-section-spacing\" id=\"about-1\" style=\"background-color: rgb(255, 255, 255);\"><div  class=\"\"> <div  class=\"row middle-sm text-center\"><div  class=\"col-sm-5 space-bottom-xs content-column content-right-sm\" data-type=\"column\"> <h5  class=\"\">HEURES D\u2019OUVERTURE<\/h5> <h2  class=\"\">VOUS POUVEZ NOUS JOINDRE&nbsp;<br > <span  style=\"font-family: Playfair Display,sans-serif; font-weight: 700; font-style: italic;\" href=\"#\">par t\u00e9l\u00e9phone<\/span>&nbsp;\ntous les jours de la semaine<\/h2> <p  class=\"\">Du lundi au vendredi <br >de 9h \u00e0 12h30 et de 14h \u00e0 18h.\n<\/p> <h3  class=\"\">01 70 95 54 50<\/h3><a class=\"button color2\" href=\"https:\/\/www.greenflore.fr?page_id=14\" target=\"_self\" data-cp-link=\"1\" data-icon=\"\" rel=\"noopener\">Formulaire de contact<\/a><\/div> <div  class=\"col-sm-7 flexbox flexbox middle-xs center-xs space-bottom-xs\"><div  class=\"overlay-box flexbox middle-xs center-xs overlay-holder \"> <div  class=\"overlay-box-offset offset-background shadow-medium bg-color2 hide-xs\"><\/div> <img  decoding=\"async\" class=\"flexbox shadow-large img1\" src=\"https:\/\/www.greenflore.fr\/wp-content\/uploads\/2020\/08\/cropped-DSC_0273-scaled-e1596327939967.jpg\" data-size=\"600x400\" alt=\"\" title=\"cropped-DSC_0273-scaled-e1596327939967.jpg\"><\/div> <\/div><\/div> <\/div><\/div>","protected":false},"excerpt":{"rendered":"<p>HEURES D\u2019OUVERTURE VOUS POUVEZ NOUS JOINDRE&nbsp; par t\u00e9l\u00e9phone&nbsp; tous les jours de la semaine Du lundi au vendredi de 9h \u00e0 12h30 et de 14h \u00e0 18h. 01 70 95 54 50Formulaire de contact<\/p>\n","protected":false},"author":1,"featured_media":1235,"parent":0,"menu_order":0,"comment_status":"closed","ping_status":"closed","template":"pro\/page-templates\/full-width-page.php","meta":{"footnotes":""},"_links":{"self":[{"href":"https:\/\/www.greenflore.fr\/index.php?rest_route=\/wp\/v2\/pages\/1242"}],"collection":[{"href":"https:\/\/www.greenflore.fr\/index.php?rest_route=\/wp\/v2\/pages"}],"about":[{"href":"https:\/\/www.greenflore.fr\/index.php?rest_route=\/wp\/v2\/types\/page"}],"author":[{"embeddable":true,"href":"https:\/\/www.greenflore.fr\/index.php?rest_route=\/wp\/v2\/users\/1"}],"replies":[{"embeddable":true,"href":"https:\/\/www.greenflore.fr\/index.php?rest_route=%2Fwp%2Fv2%2Fcomments&post=1242"}],"version-history":[{"count":10,"href":"https:\/\/www.greenflore.fr\/index.php?rest_route=\/wp\/v2\/pages\/1242\/revisions"}],"predecessor-version":[{"id":3426,"href":"https:\/\/www.greenflore.fr\/index.php?rest_route=\/wp\/v2\/pages\/1242\/revisions\/3426"}],"wp:featuredmedia":[{"embeddable":true,"href":"https:\/\/www.greenflore.fr\/index.php?rest_route=\/wp\/v2\/media\/1235"}],"wp:attachment":[{"href":"https:\/\/www.greenflore.fr\/index.php?rest_route=%2Fwp%2Fv2%2Fmedia&parent=1242"}],"curies":[{"name":"wp","href":"https:\/\/api.w.org\/{rel}","templated":true}]}}