{"id":1267,"date":"2020-11-07T01:30:33","date_gmt":"2020-11-07T01:30:33","guid":{"rendered":"http:\/\/www.greenflore.com\/?page_id=1267"},"modified":"2020-11-08T17:41:36","modified_gmt":"2020-11-08T17:41:36","slug":"nos-fournisseurs","status":"publish","type":"page","link":"https:\/\/www.greenflore.fr\/?page_id=1267","title":{"rendered":"Nos partenaires"},"content":{"rendered":"<div data-label=\"Cta\" data-id=\"cta--2\" data-export-id=\"cta-blue-section\" data-category=\"cta\" class=\"cta-blue-section content-section content-section-spacing-medium bg-color1 white-text\" id=\"cta-2\"  style=\"background-image: none; background-color: rgb(255, 255, 255);\"><div class=\"gridContainer\" > <div class=\"row middle-xs\" ><div class=\"col-sm-8 space-bottom-xs\" data-type=\"column\" >  <\/div> <div class=\"col-sm-4 end-sm\" data-type=\"column\" > <\/div> <\/div><\/div> <\/div><div data-label=\"Cta\" data-id=\"cta--1\" data-export-id=\"cta-centered-section-grid\" data-category=\"cta\" class=\"cta-centered-section-grid content-section content-section-spacing-medium bg-color1 white-text content-relative\" id=\"cta-1\"  style=\"background-image: none; background-color: rgb(132, 167, 114);\" data-section-ov=\"1\"><div class=\"\" > <div class=\"row text-center\" ><div class=\"col-xs-12 col-sm-10 col-sm-offset-1 col-md-8 col-md-offset-2\" data-type=\"column\" > <p  class=\"lead\">Pour lutter efficacement contre les ravageurs des jardins, nous vous conseillons:<\/p><h2 class=\"\" >La soci\u00e9t\u00e9 INSECT\u00d6SPHERE<\/h2> <a class=\"button color10\" href=\"\/\/www.insectosphere.fr\/content\/4-qui-sommes-nous\" target=\"_blank\" data-cp-link=\"1\" data-icon=\"\" rel=\"noopener noreferrer\">Visiter leur site<\/a><p class=\"\" >INSECT\u00d6SPHERE est une jeune entreprise fran\u00e7aise sp\u00e9cialis\u00e9e dans la production et la commercialisation de solutions de lutte biologique pour la protection des v\u00e9g\u00e9taux. Elle fut fond\u00e9e en f\u00e9vrier 2017 et s\u2019est install\u00e9e \u00e0 Saint Jean le Vieux, en plein c\u0153ur du d\u00e9partement de l&rsquo;Ain.\r\n\r\n<br ><br >C&rsquo;est une \u00e9quipe dynamique, comp\u00e9tente, prenant pleinement en compte les enjeux li\u00e9s au monde du vivant. \r\n<br ><br >Chez Greenflore nous leur faisons pleinement confiance pour vous aider \u00e0 r\u00e9guler efficacement des populations d&rsquo;animaux nuisibles aux plantes de mani\u00e8re \u00e9cologique tel que l&rsquo;Otiorynque, le hanneton, le puceron, &#8230;<br ><\/p> <img decoding=\"async\"  class=\"custom-image\" src=\"https:\/\/www.greenflore.fr\/wp-content\/uploads\/2020\/11\/cropped-Rouge-gorge-insecte.jpg\" alt=\"\" title=\"cropped-Rouge-gorge-insecte.jpg\"><\/div> <\/div><\/div> <\/div>","protected":false},"excerpt":{"rendered":"<p>Pour lutter efficacement contre les ravageurs des jardins, nous vous conseillons:La soci\u00e9t\u00e9 INSECT\u00d6SPHERE Visiter leur siteINSECT\u00d6SPHERE est une jeune entreprise fran\u00e7aise sp\u00e9cialis\u00e9e dans la production et la commercialisation de solutions de lutte biologique pour la protection des v\u00e9g\u00e9taux. Elle fut fond\u00e9e en f\u00e9vrier 2017 et s\u2019est install\u00e9e \u00e0 Saint Jean le Vieux, en plein c\u0153ur&hellip; <br \/> <a class=\"read-more\" href=\"https:\/\/www.greenflore.fr\/?page_id=1267\">Lire la suite<\/a><\/p>\n","protected":false},"author":1,"featured_media":1235,"parent":0,"menu_order":0,"comment_status":"closed","ping_status":"closed","template":"pro\/page-templates\/full-width-page.php","meta":{"footnotes":""},"_links":{"self":[{"href":"https:\/\/www.greenflore.fr\/index.php?rest_route=\/wp\/v2\/pages\/1267"}],"collection":[{"href":"https:\/\/www.greenflore.fr\/index.php?rest_route=\/wp\/v2\/pages"}],"about":[{"href":"https:\/\/www.greenflore.fr\/index.php?rest_route=\/wp\/v2\/types\/page"}],"author":[{"embeddable":true,"href":"https:\/\/www.greenflore.fr\/index.php?rest_route=\/wp\/v2\/users\/1"}],"replies":[{"embeddable":true,"href":"https:\/\/www.greenflore.fr\/index.php?rest_route=%2Fwp%2Fv2%2Fcomments&post=1267"}],"version-history":[{"count":10,"href":"https:\/\/www.greenflore.fr\/index.php?rest_route=\/wp\/v2\/pages\/1267\/revisions"}],"predecessor-version":[{"id":1303,"href":"https:\/\/www.greenflore.fr\/index.php?rest_route=\/wp\/v2\/pages\/1267\/revisions\/1303"}],"wp:featuredmedia":[{"embeddable":true,"href":"https:\/\/www.greenflore.fr\/index.php?rest_route=\/wp\/v2\/media\/1235"}],"wp:attachment":[{"href":"https:\/\/www.greenflore.fr\/index.php?rest_route=%2Fwp%2Fv2%2Fmedia&parent=1267"}],"curies":[{"name":"wp","href":"https:\/\/api.w.org\/{rel}","templated":true}]}}