{"id":14,"date":"2020-02-10T22:57:45","date_gmt":"2020-02-10T22:57:45","guid":{"rendered":"http:\/\/www.greenflore.com\/?page_id=14"},"modified":"2024-03-01T12:34:47","modified_gmt":"2024-03-01T12:34:47","slug":"contact","status":"publish","type":"page","link":"https:\/\/www.greenflore.fr\/?page_id=14","title":{"rendered":"Contactez-nous"},"content":{"rendered":"<div data-label=\"Cta\" data-id=\"cta--1\" data-export-id=\"cta-centered-section-grid\" data-category=\"cta\" class=\"cta-centered-section-grid content-section content-section-spacing-medium bg-color1\" id=\"cta-1\" style=\"background-image: none; background-color: #d0e6c4;\" data-section-ov=\"1\">\r\n<div class=\"gridContainer\">\r\n<div class=\"row text-center\">\r\n<div class=\"col-xs-12 col-sm-10 col-sm-offset-1 col-md-8 col-md-offset-2\" data-type=\"column\">\r\n<h2>Vous souhaitez nous contacter<\/h2>\r\n<h2>par tel : 01 70 95 54 50<\/h2>\r\n<h2>par mail : contact@greenflore.fr<\/h2>\r\nFaites nous part de votre demande et nous vous recontacterons le plus rapidement possible\r\n<div data-editable=\"true\" data-name=\"ope-custom-content-shortcode\" data-content-shortcode=\"wpforms id=&quot;2522&quot; title=&quot;false&quot;\" class=\"\"><div class=\"wpforms-container wpforms-container-full\" id=\"wpforms-2522\"><form id=\"wpforms-form-2522\" class=\"wpforms-validate wpforms-form wpforms-ajax-form\" data-formid=\"2522\" method=\"post\" enctype=\"multipart\/form-data\" action=\"\/index.php?rest_route=%2Fwp%2Fv2%2Fpages%2F14\"><noscript class=\"wpforms-error-noscript\">Veuillez activer JavaScript dans votre navigateur pour remplir ce formulaire.<\/noscript><div class=\"wpforms-field-container\"><div id=\"wpforms-2522-field_0-container\" class=\"wpforms-field wpforms-field-name\" data-field-id=\"0\"><label class=\"wpforms-field-label wpforms-label-hide\" for=\"wpforms-2522-field_0\">Nom <span class=\"wpforms-required-label\">*<\/span><\/label><div class=\"wpforms-field-row wpforms-field-large\"><div class=\"wpforms-field-row-block wpforms-first wpforms-one-half\"><input type=\"text\" id=\"wpforms-2522-field_0\" class=\"wpforms-field-name-first wpforms-field-required\" name=\"wpforms[fields][0][first]\" placeholder=\"Pr\u00e9nom\" required><label for=\"wpforms-2522-field_0\" class=\"wpforms-field-sublabel after wpforms-sublabel-hide\">Pr\u00e9nom<\/label><\/div><div class=\"wpforms-field-row-block wpforms-one-half\"><input type=\"text\" id=\"wpforms-2522-field_0-last\" class=\"wpforms-field-name-last wpforms-field-required\" name=\"wpforms[fields][0][last]\" placeholder=\"Nom\" required><label for=\"wpforms-2522-field_0-last\" class=\"wpforms-field-sublabel after wpforms-sublabel-hide\">Nom<\/label><\/div><\/div><\/div><div id=\"wpforms-2522-field_12-container\" class=\"wpforms-field wpforms-field-layout\" data-field-id=\"12\"><label class=\"wpforms-field-label wpforms-label-hide\" for=\"wpforms-2522-field_12\">Mise en page<\/label><div class=\"wpforms-field-layout-columns wpforms-field-layout-preset-67-33\"><div class=\"wpforms-layout-column wpforms-layout-column-67\"><div id=\"wpforms-2522-field_1-container\" class=\"wpforms-field wpforms-field-email\" data-field-id=\"1\"><label class=\"wpforms-field-label wpforms-label-hide\" for=\"wpforms-2522-field_1\">E-mail <span class=\"wpforms-required-label\">*<\/span><\/label><input type=\"email\" id=\"wpforms-2522-field_1\" class=\"wpforms-field-large wpforms-field-required\" name=\"wpforms[fields][1]\" placeholder=\"Email\" spellcheck=\"false\" required><\/div><\/div><div class=\"wpforms-layout-column wpforms-layout-column-33\"><div id=\"wpforms-2522-field_11-container\" class=\"wpforms-field wpforms-field-phone\" data-field-id=\"11\"><label class=\"wpforms-field-label wpforms-label-hide\" for=\"wpforms-2522-field_11\">T\u00e9l\u00e9phone<\/label><input type=\"tel\" id=\"wpforms-2522-field_11\" class=\"wpforms-field-medium wpforms-smart-phone-field\" data-rule-smart-phone-field=\"true\" name=\"wpforms[fields][11]\" placeholder=\"Tel\" ><\/div><\/div><\/div><\/div><div id=\"wpforms-2522-field_3-container\" class=\"wpforms-field wpforms-field-address\" data-field-id=\"3\"><label class=\"wpforms-field-label wpforms-label-hide\" for=\"wpforms-2522-field_3\">Adresse<\/label><div class=\"wpforms-field-row wpforms-field-large\"><div ><input type=\"text\" id=\"wpforms-2522-field_3\" class=\"wpforms-field-address-address1\" name=\"wpforms[fields][3][address1]\" placeholder=\"Adresse ligne 1\" ><label for=\"wpforms-2522-field_3\" class=\"wpforms-field-sublabel after wpforms-sublabel-hide\">Adresse ligne\u00a01<\/label><\/div><\/div><div class=\"wpforms-field-row wpforms-field-large\"><div ><input type=\"text\" id=\"wpforms-2522-field_3-address2\" class=\"wpforms-field-address-address2\" name=\"wpforms[fields][3][address2]\" placeholder=\"Adresse ligne 2\" ><label for=\"wpforms-2522-field_3-address2\" class=\"wpforms-field-sublabel after wpforms-sublabel-hide\">Adresse ligne 2<\/label><\/div><\/div><div class=\"wpforms-field-row wpforms-field-large\"><div class=\"wpforms-field-row-block wpforms-one-half wpforms-first\"><input type=\"text\" id=\"wpforms-2522-field_3-city\" class=\"wpforms-field-address-city\" name=\"wpforms[fields][3][city]\" placeholder=\"Ville\" ><label for=\"wpforms-2522-field_3-city\" class=\"wpforms-field-sublabel after wpforms-sublabel-hide\">Ville<\/label><\/div><div class=\"wpforms-field-row-block wpforms-one-half\"><input type=\"text\" id=\"wpforms-2522-field_3-state\" class=\"wpforms-field-address-state\" name=\"wpforms[fields][3][state]\" ><label for=\"wpforms-2522-field_3-state\" class=\"wpforms-field-sublabel after wpforms-sublabel-hide\">\u00c9tat \/ Province \/ R\u00e9gion<\/label><\/div><\/div><div class=\"wpforms-field-row wpforms-field-large\"><div class=\"wpforms-field-row-block wpforms-one-half wpforms-first\"><input type=\"text\" id=\"wpforms-2522-field_3-postal\" class=\"wpforms-field-address-postal\" name=\"wpforms[fields][3][postal]\" placeholder=\"Code postal\" ><label for=\"wpforms-2522-field_3-postal\" class=\"wpforms-field-sublabel after wpforms-sublabel-hide\">Code postal<\/label><\/div><div class=\"wpforms-field-row-block wpforms-one-half\"><select id=\"wpforms-2522-field_3-country\" class=\"wpforms-field-address-country\" name=\"wpforms[fields][3][country]\" value=\"FR\" placeholder=\"--- S\u00e9lectionner\u00a0: country ---\" ><option value=\"AF\" >Afghanistan<\/option><option value=\"ZA\" >Afrique du Sud<\/option><option value=\"AL\" >Albanie<\/option><option value=\"DZ\" >Alg\u00e9rie<\/option><option value=\"DE\" >Allemagne<\/option><option value=\"AD\" >Andorre<\/option><option value=\"AO\" >Angola<\/option><option value=\"AI\" >Anguilla<\/option><option value=\"AQ\" >Antarctique<\/option><option value=\"AG\" >Antigua-et-Barbuda<\/option><option value=\"SA\" >Arabie Saoudite<\/option><option value=\"AR\" >Argentine<\/option><option value=\"AM\" >Arm\u00e9nie<\/option><option value=\"AW\" >Aruba<\/option><option value=\"AU\" >Australie<\/option><option value=\"AT\" >Autriche<\/option><option value=\"AZ\" >Azerba\u00efdjan<\/option><option value=\"BS\" >Bahamas<\/option><option value=\"BH\" >Bahre\u00efn<\/option><option value=\"BD\" >Bangladesh<\/option><option value=\"BB\" >Barbade<\/option><option value=\"BE\" >Belgique<\/option><option value=\"BZ\" >Belize<\/option><option value=\"BM\" >Bermudes<\/option><option value=\"BT\" >Bhoutan<\/option><option value=\"BY\" >Bi\u00e9lorussie<\/option><option value=\"BO\" >Bolivie (\u00c9tat plurinational de)<\/option><option value=\"BQ\" >Bonaire, Saint Eustatius and Saba<\/option><option value=\"BA\" >Bosnie-Herz\u00e9govine<\/option><option value=\"BW\" >Botswana<\/option><option value=\"BR\" >Br\u00e9sil<\/option><option value=\"BG\" >Bulgarie<\/option><option value=\"BF\" >Burkina Faso<\/option><option value=\"BI\" >Burundi<\/option><option value=\"BJ\" >B\u00e9nin<\/option><option value=\"KH\" >Cambodge<\/option><option value=\"CM\" >Cameroun<\/option><option value=\"CA\" >Canada<\/option><option value=\"CV\" >Cap-Vert<\/option><option value=\"CL\" >Chili<\/option><option value=\"CN\" >Chine<\/option><option value=\"CY\" >Chypre<\/option><option value=\"CO\" >Colombie<\/option><option value=\"KM\" >Comores<\/option><option value=\"CG\" >Congo<\/option><option value=\"CD\" >Congo (R\u00e9publique d\u00e9mocratique du)<\/option><option value=\"KR\" >Cor\u00e9e (R\u00e9publique de)<\/option><option value=\"KP\" >Cor\u00e9e (R\u00e9publique populaire d\u00e9mocratique de)<\/option><option value=\"CR\" >Costa Rica<\/option><option value=\"HR\" >Croatie<\/option><option value=\"CU\" >Cuba<\/option><option value=\"CW\" >Cura\u00e7ao<\/option><option value=\"CI\" >C\u00f4te d\u2019Ivoire<\/option><option value=\"DK\" >Danemark<\/option><option value=\"DJ\" >Djibouti<\/option><option value=\"DM\" >Dominique<\/option><option value=\"ES\" >Espagne<\/option><option value=\"EE\" >Estonie<\/option><option value=\"SZ\" >Eswatini (Royaume de)<\/option><option value=\"FJ\" >Fidji<\/option><option value=\"FI\" >Finlande<\/option><option value=\"FR\"  selected='selected'>France<\/option><option value=\"RU\" >F\u00e9d\u00e9ration Russe<\/option><option value=\"GA\" >Gabon<\/option><option value=\"GM\" >Gambie<\/option><option value=\"GH\" >Ghana<\/option><option value=\"GI\" >Gibraltar<\/option><option value=\"GD\" >Grenade<\/option><option value=\"GL\" >Groenland<\/option><option value=\"GR\" >Gr\u00e8ce<\/option><option value=\"GP\" >Guadeloupe<\/option><option value=\"GU\" >Guam<\/option><option value=\"GT\" >Guatemala<\/option><option value=\"GG\" >Guernesey<\/option><option value=\"GN\" >Guin\u00e9e<\/option><option value=\"GQ\" >Guin\u00e9e \u00e9quatoriale<\/option><option value=\"GW\" >Guin\u00e9e-Bissau<\/option><option value=\"GF\" >Guyane<\/option><option value=\"GY\" >Guyane<\/option><option value=\"GE\" >G\u00e9orgie<\/option><option value=\"GS\" >G\u00e9orgie du Sud et \u00eeles Sandwich du Sud<\/option><option value=\"HT\" >Ha\u00efti<\/option><option value=\"HN\" >Honduras<\/option><option value=\"HK\" >Hong Kong<\/option><option value=\"HU\" >Hongrie<\/option><option value=\"IN\" >Inde<\/option><option value=\"ID\" >Indon\u00e9sie<\/option><option value=\"IQ\" >Irak<\/option><option value=\"IR\" >Iran (R\u00e9publique islamique d\u2019)<\/option><option value=\"IE\" >Irlande (R\u00e9publique d\u2019)<\/option><option value=\"IS\" >Islande<\/option><option value=\"IL\" >Isra\u00ebl<\/option><option value=\"IT\" >Italie<\/option><option value=\"JM\" >Jama\u00efque<\/option><option value=\"JP\" >Japon<\/option><option value=\"JE\" >Jersey<\/option><option value=\"JO\" >Jordanie<\/option><option value=\"KZ\" >Kazakhstan<\/option><option value=\"KE\" >Kenya<\/option><option value=\"KG\" >Kirghizistan<\/option><option value=\"KI\" >Kiribati<\/option><option value=\"XK\" >Kosovo<\/option><option value=\"KW\" >Kowe\u00eft<\/option><option value=\"RE\" >La R\u00e9union<\/option><option value=\"LS\" >Lesotho<\/option><option value=\"LV\" >Lettonie<\/option><option value=\"LB\" >Liban<\/option><option value=\"LR\" >Liberia<\/option><option value=\"LY\" >Libye<\/option><option value=\"LI\" >Liechtenstein<\/option><option value=\"LT\" >Lituanie<\/option><option value=\"LU\" >Luxembourg<\/option><option value=\"MO\" >Macao<\/option><option value=\"MK\" >Mac\u00e9doine du Nord (R\u00e9publique de)<\/option><option value=\"MG\" >Madagascar<\/option><option value=\"MY\" >Malaisie<\/option><option value=\"MW\" >Malawi<\/option><option value=\"MV\" >Maldives<\/option><option value=\"ML\" >Mali<\/option><option value=\"MT\" >Malte<\/option><option value=\"MA\" >Maroc<\/option><option value=\"MQ\" >Martinique<\/option><option value=\"MR\" >Mauritanie<\/option><option value=\"YT\" >Mayotte<\/option><option value=\"MX\" >Mexique<\/option><option value=\"FM\" >Micron\u00e9sie (\u00c9tats f\u00e9d\u00e9r\u00e9s de)<\/option><option value=\"MD\" >Moldova (R\u00e9publique de)<\/option><option value=\"MC\" >Monaco<\/option><option value=\"MN\" >Mongolie<\/option><option value=\"MS\" >Montserrat<\/option><option value=\"ME\" >Mont\u00e9n\u00e9gro<\/option><option value=\"MZ\" >Mozambique<\/option><option value=\"MM\" >Myanmar<\/option><option value=\"NA\" >Namibie<\/option><option value=\"NR\" >Nauru<\/option><option value=\"BN\" >Negara Brunei Darussalam<\/option><option value=\"NI\" >Nicaragua<\/option><option value=\"NE\" >Niger<\/option><option value=\"NG\" >Nig\u00e9ria<\/option><option value=\"NU\" >Niue<\/option><option value=\"NO\" >Norv\u00e8ge<\/option><option value=\"NC\" >Nouvelle-Cal\u00e9donie<\/option><option value=\"NZ\" >Nouvelle-Z\u00e9lande<\/option><option value=\"NP\" >N\u00e9pal<\/option><option value=\"OM\" >Oman<\/option><option value=\"UG\" >Ouganda<\/option><option value=\"UZ\" >Ouzb\u00e9kistan<\/option><option value=\"PK\" >Pakistan<\/option><option value=\"PW\" >Palau<\/option><option value=\"PS\" >Palestine (\u00c9tat de)<\/option><option value=\"PA\" >Panama<\/option><option value=\"PG\" >Papouasie-Nouvelle-Guin\u00e9e<\/option><option value=\"PY\" >Paraguay<\/option><option value=\"NL\" >Pays-Bas<\/option><option value=\"PH\" >Philippines<\/option><option value=\"PL\" >Pologne<\/option><option value=\"PF\" >Polyn\u00e9sie fran\u00e7aise<\/option><option value=\"PR\" >Porto Rico<\/option><option value=\"PT\" >Portugal<\/option><option value=\"PE\" >P\u00e9rou<\/option><option value=\"QA\" >Qatar<\/option><option value=\"RO\" >Roumanie<\/option><option value=\"GB\" >Royaume-Uni de Grande-Bretagne et d\u2019Irlande du Nord<\/option><option value=\"RW\" >Rwanda<\/option><option value=\"SY\" >R\u00e9publique arabe syrienne<\/option><option value=\"CF\" >R\u00e9publique centrafricaine<\/option><option value=\"DO\" >R\u00e9publique dominicaine<\/option><option value=\"LA\" >R\u00e9publique d\u00e9mocratique populaire du Laos<\/option><option value=\"CZ\" >R\u00e9publique tch\u00e8que<\/option><option value=\"EH\" >Sahara occidental<\/option><option value=\"BL\" >Saint Barth\u00e9lemy<\/option><option value=\"PM\" >Saint Pierre et Miquelon<\/option><option value=\"KN\" >Saint-Christophe-et-Nevis<\/option><option value=\"SM\" >Saint-Marin<\/option><option value=\"MF\" >Saint-Martin (partie fran\u00e7aise)<\/option><option value=\"VC\" >Saint-Vincent-et-les Grenadines<\/option><option value=\"SH\" >Sainte-H\u00e9l\u00e8ne, Ascension et Tristan da Cunha<\/option><option value=\"LC\" >Sainte-Lucie<\/option><option value=\"SV\" >Salvador<\/option><option value=\"WS\" >Samoa<\/option><option value=\"AS\" >Samoa am\u00e9ricaines<\/option><option value=\"ST\" >Sao Tom\u00e9 et Principe<\/option><option value=\"RS\" >Serbie<\/option><option value=\"SC\" >Seychelles<\/option><option value=\"SL\" >Sierra Leone<\/option><option value=\"SG\" >Singapour<\/option><option value=\"SX\" >Sint Maarten (partie hollandaise)<\/option><option value=\"SK\" >Slovaquie<\/option><option value=\"SI\" >Slov\u00e9nie<\/option><option value=\"SO\" >Somalie<\/option><option value=\"SD\" >Soudan<\/option><option value=\"SS\" >Soudan du Sud<\/option><option value=\"LK\" >Sri Lanka<\/option><option value=\"CH\" >Suisse<\/option><option value=\"SR\" >Surinam<\/option><option value=\"SE\" >Su\u00e8de<\/option><option value=\"SN\" >S\u00e9n\u00e9gal<\/option><option value=\"TJ\" >Tadjikistan<\/option><option value=\"TW\" >Taiwan, R\u00e9publique de Chine<\/option><option value=\"TZ\" >Tanzanie (R\u00e9publique-Unie de)<\/option><option value=\"TD\" >Tchad<\/option><option value=\"TF\" >Terres Australes Fran\u00e7aises<\/option><option value=\"IO\" >Territoire britannique de l\u2019oc\u00e9an Indien<\/option><option value=\"TH\" >Tha\u00eflande<\/option><option value=\"TL\" >Timor oriental<\/option><option value=\"TG\" >Togo<\/option><option value=\"TK\" >Tokelau<\/option><option value=\"TO\" >Tonga<\/option><option value=\"TT\" >Trinit\u00e9 et Tobago<\/option><option value=\"TN\" >Tunisie<\/option><option value=\"TM\" >Turkm\u00e9nistan<\/option><option value=\"TR\" >Turquie<\/option><option value=\"TV\" >Tuvalu<\/option><option value=\"UA\" >Ukraine<\/option><option value=\"UY\" >Uruguay<\/option><option value=\"VU\" >Vanuatu<\/option><option value=\"VE\" >Venezuela (R\u00e9publique bolivarienne du)<\/option><option value=\"VN\" >Vietnam<\/option><option value=\"WF\" >Wallis et Futuna<\/option><option value=\"YE\" >Y\u00e9men<\/option><option value=\"ZM\" >Zambie<\/option><option value=\"ZW\" >Zimbabwe<\/option><option value=\"EG\" >\u00c9gypte<\/option><option value=\"AE\" >\u00c9mirats arabes unis<\/option><option value=\"EC\" >\u00c9quateur<\/option><option value=\"ER\" >\u00c9rythr\u00e9e<\/option><option value=\"VA\" >\u00c9tat de la cit\u00e9 du Vatican<\/option><option value=\"US\" >\u00c9tats-Unis d\u2019Am\u00e9rique<\/option><option value=\"ET\" >\u00c9thiopie<\/option><option value=\"BV\" >\u00cele Bouvet<\/option><option value=\"CX\" >\u00cele Christmas<\/option><option value=\"MU\" >\u00cele Maurice<\/option><option value=\"NF\" >\u00cele Norfolk<\/option><option value=\"IM\" >\u00cele de Man<\/option><option value=\"KY\" >\u00celes Ca\u00efmans<\/option><option value=\"CC\" >\u00celes Cocos (Keeling)<\/option><option value=\"CK\" >\u00celes Cook<\/option><option value=\"FK\" >\u00celes Falkland (Malvinas)<\/option><option value=\"FO\" >\u00celes F\u00e9ro\u00e9<\/option><option value=\"HM\" >\u00celes Heard et McDonald<\/option><option value=\"MP\" >\u00celes Mariannes du Nord<\/option><option value=\"MH\" >\u00celes Marshall<\/option><option value=\"PN\" >\u00celes Pitcairn<\/option><option value=\"SB\" >\u00celes Salomon<\/option><option value=\"TC\" >\u00celes Turques et Ca\u00efques<\/option><option value=\"VI\" >\u00celes Vierges (Am\u00e9ricaines)<\/option><option value=\"VG\" >\u00celes Vierges (Britanniques)<\/option><option value=\"SJ\" >\u00celes de Svalbard et Jan Mayen<\/option><option value=\"UM\" >\u00celes mineures am\u00e9ricaines<\/option><option value=\"AX\" >\u00celes \u00c5land<\/option><\/select><label for=\"wpforms-2522-field_3-country\" class=\"wpforms-field-sublabel after wpforms-sublabel-hide\">Pays<\/label><\/div><\/div><\/div><div id=\"wpforms-2522-field_9-container\" class=\"wpforms-field wpforms-field-select wpforms-conditional-trigger wpforms-field-select-style-classic\" data-field-id=\"9\"><label class=\"wpforms-field-label\" for=\"wpforms-2522-field_9\">Vous d\u00e9sirez<\/label><select id=\"wpforms-2522-field_9\" class=\"wpforms-field-large\" name=\"wpforms[fields][9]\"><option value=\"\" class=\"placeholder\" disabled  selected='selected'>choisir<\/option><option value=\"Remettre en \u00e9tat votre jardin (tonte, d\u00e9broussaillage, taille, ...)\" >Remettre en \u00e9tat votre jardin (tonte, d\u00e9broussaillage, taille, ...)<\/option><option value=\"Faire une pelouse par semis ou par placage\" >Faire une pelouse par semis ou par placage<\/option><option value=\"Faire des plantations (massifs, haie, ...)\" >Faire des plantations (massifs, haie, ...)<\/option><option value=\"Tailler ou \u00e9laguer un arbre\" >Tailler ou \u00e9laguer un arbre<\/option><option value=\"Abattre ou dessoucher un arbre\" >Abattre ou dessoucher un arbre<\/option><option value=\"Am\u00e9nager mon jardin de A \u00e0 Z\" >Am\u00e9nager mon jardin de A \u00e0 Z<\/option><option value=\"R\u00e9aliser des constructions paysag\u00e8res\" >R\u00e9aliser des constructions paysag\u00e8res<\/option><option value=\"Autres\" >Autres<\/option><\/select><\/div><div id=\"wpforms-2522-field_10-container\" class=\"wpforms-field wpforms-field-text wpforms-conditional-field wpforms-conditional-show\" data-field-id=\"10\" style=\"display:none;\"><label class=\"wpforms-field-label wpforms-label-hide\" for=\"wpforms-2522-field_10\">Pr\u00e9cisez<\/label><input type=\"text\" id=\"wpforms-2522-field_10\" class=\"wpforms-field-large\" name=\"wpforms[fields][10]\" placeholder=\"pr\u00e9cisez\" ><\/div><div id=\"wpforms-2522-field_7-container\" class=\"wpforms-field wpforms-field-captcha\" data-field-id=\"7\"><label class=\"wpforms-field-label\" for=\"wpforms-2522-field_7\">CAPTCHA personnalis\u00e9 <span class=\"wpforms-required-label\">*<\/span><\/label>\t\t\t<div class=\"wpforms-captcha-math\">\n\t\t\t\t<span id=\"wpforms-2522-field_7-question\" class=\"wpforms-captcha-equation\">\n\t\t\t\t\t<span class=\"n1\">14<\/span>\n\t\t\t\t\t\t\t<span class=\"cal\">+<\/span>\n\t\t\t\t\t\t\t<span class=\"n2\">12<\/span>\t\t\t\t\t<span class=\"e\">=<\/span>\n\t\t\t\t<\/span>\n\t\t\t\t<input type=\"text\" id=\"wpforms-2522-field_7\" class=\"wpforms-field-medium wpforms-field-required a\" data-rule-wpf-captcha=\"math\" data-is-wrapped-field=\"1\" name=\"wpforms[fields][7][a]\" aria-describedby=\"wpforms-2522-field_7-question\" required>\t\t\t\t<input type=\"hidden\" name=\"wpforms[fields][7][cal]\" class=\"cal\">\n\t\t\t\t<input type=\"hidden\" name=\"wpforms[fields][7][n2]\" class=\"n2\">\n\t\t\t\t<input type=\"hidden\" name=\"wpforms[fields][7][n1]\" class=\"n1\">\n\t\t\t<\/div>\n\t\t\t<\/div><\/div><!-- .wpforms-field-container --><div class=\"wpforms-field wpforms-field-hp\"><label for=\"wpforms-2522-field-hp\" class=\"wpforms-field-label\">Email<\/label><input type=\"text\" name=\"wpforms[hp]\" id=\"wpforms-2522-field-hp\" class=\"wpforms-field-medium\"><\/div><div class=\"wpforms-submit-container\" ><input type=\"hidden\" name=\"wpforms[id]\" value=\"2522\"><input type=\"hidden\" name=\"wpforms[author]\" value=\"1\"><input type=\"hidden\" class=\"wpforms-token\" name=\"wpforms[token]\" value=\"ee2fab6aeb501b6127bc1accc639c2f8\" \/><button type=\"submit\" name=\"wpforms[submit]\" id=\"wpforms-submit-2522\" class=\"wpforms-submit button color2\" data-alt-text=\"Attendre\" data-submit-text=\"Envoyer\" aria-live=\"assertive\" value=\"wpforms-submit\">Envoyer<\/button><img decoding=\"async\" src=\"https:\/\/www.greenflore.fr\/wp-content\/plugins\/wpforms\/assets\/images\/submit-spin.svg\" class=\"wpforms-submit-spinner\" style=\"display: none;\" width=\"26\" height=\"26\" alt=\"Chargement en cours\"><\/div><\/form><\/div>  <!-- .wpforms-container --><\/div>\r\n<\/div>\r\n<\/div>\r\n<\/div>\r\n<\/div>","protected":false},"excerpt":{"rendered":"<p>Vous souhaitez nous contacter par tel : 01 70 95 54 50 par mail : contact@greenflore.fr Faites nous part de votre demande et nous vous recontacterons le plus rapidement possible<\/p>\n","protected":false},"author":1,"featured_media":1237,"parent":0,"menu_order":0,"comment_status":"closed","ping_status":"closed","template":"","meta":{"footnotes":""},"_links":{"self":[{"href":"https:\/\/www.greenflore.fr\/index.php?rest_route=\/wp\/v2\/pages\/14"}],"collection":[{"href":"https:\/\/www.greenflore.fr\/index.php?rest_route=\/wp\/v2\/pages"}],"about":[{"href":"https:\/\/www.greenflore.fr\/index.php?rest_route=\/wp\/v2\/types\/page"}],"author":[{"embeddable":true,"href":"https:\/\/www.greenflore.fr\/index.php?rest_route=\/wp\/v2\/users\/1"}],"replies":[{"embeddable":true,"href":"https:\/\/www.greenflore.fr\/index.php?rest_route=%2Fwp%2Fv2%2Fcomments&post=14"}],"version-history":[{"count":68,"href":"https:\/\/www.greenflore.fr\/index.php?rest_route=\/wp\/v2\/pages\/14\/revisions"}],"predecessor-version":[{"id":3424,"href":"https:\/\/www.greenflore.fr\/index.php?rest_route=\/wp\/v2\/pages\/14\/revisions\/3424"}],"wp:featuredmedia":[{"embeddable":true,"href":"https:\/\/www.greenflore.fr\/index.php?rest_route=\/wp\/v2\/media\/1237"}],"wp:attachment":[{"href":"https:\/\/www.greenflore.fr\/index.php?rest_route=%2Fwp%2Fv2%2Fmedia&parent=14"}],"curies":[{"name":"wp","href":"https:\/\/api.w.org\/{rel}","templated":true}]}}