{"id":1958,"date":"2022-09-28T13:48:49","date_gmt":"2022-09-28T13:48:49","guid":{"rendered":"http:\/\/www.greenflore.com\/?page_id=1958"},"modified":"2023-05-29T10:35:17","modified_gmt":"2023-05-29T10:35:17","slug":"gazon-synthetique","status":"publish","type":"page","link":"https:\/\/www.greenflore.fr\/?page_id=1958","title":{"rendered":"Gazon synth\u00e9tique"},"content":{"rendered":"<div  data-label=\"Features\" data-id=\"features--1\" data-export-id=\"features-13\" data-category=\"features\" class=\"features-13 content-section content-section-spacing\" id=\"features-1\" style=\"background-color: rgb(245, 250, 253);\"><div  class=\"gridContainer\"> <div  class=\"row text-center\"><div  class=\"section-title-col\" data-type=\"column\"> <h2  class=\"\">Vous vous posez la question d\u2019un gazon synth\u00e9tique?<\/h2> <p  class=\"lead\">Il ne remplacera jamais une vraie pelouse, mais pour les amoureux du \u00ab&nbsp;toujours vert&nbsp;\u00bb, il vous faudra maintenant composer avec les fortes temp\u00e9ratures estivales et le manque d\u2019eau qui l\u2019accompagne. Alors si vous souhaitez une pelouse \u00ab&nbsp;anglaise&nbsp;\u00bb en r\u00e9gion parisienne, pourquoi ne pas opter pour un gazon synth\u00e9tique. Chez Greenflore nous vous proposons 4 types de gazon en fonction de votre budget et de vos envies.<\/p><\/div> <\/div> <div  class=\"row spaced-cols\" data-type=\"row\"> <div  class=\"col col-sm-6 col-md-3 space-bottom\"><i  class=\"fa icon fa-square-o reverse round large color9\"><\/i> <h4  class=\"\">PARC<\/h4> <p  class=\"\">Une belle entr\u00e9e de gamme pour agr\u00e9menter vos espaces ext\u00e9rieurs, des brins de 20 mm de hauteur minimum. Un beau rendu. Pour terrain et terrasse.<\/p> <\/div><div  class=\"col col-sm-6 col-md-3 space-bottom\"> <i  class=\"fa icon fa-square reverse round large color9\"><\/i> <h4  class=\"\">JARDIN<\/h4> <p  class=\"\">Un gazon de 30 mm de hauteur environ, un tr\u00e8s beau rendu esth\u00e9tique pour une utilisation normale, parfait pour les aires de jeux, sous la balan\u00e7oire.<\/p> <\/div> <div  class=\"col col-sm-6 col-md-3 space-bottom\"><i  class=\"fa icon fa-bars reverse round large color9\"><\/i> <h4  class=\"\">NATUREL<\/h4> <p  class=\"\">Un gazon haut de gamme, avec des brins de 40 mm de hauteur environ et un aspect tr\u00e8s r\u00e9aliste, une tr\u00e8s bonne long\u00e9vit\u00e9. Pour avoir un gazon anglais toute l\u2019ann\u00e9e.<\/p> <\/div> <div  class=\"col col-sm-6 col-md-3 space-bottom\"><i  class=\"fa icon fa-minus-square-o reverse round large color9\"><\/i> <h4  class=\"\">EXCELLENCE<\/h4> <p  class=\"\">Un gazon avec un rendu tr\u00e8s r\u00e9aliste. Des brins de 50 mm de hauteur environ. Un confort in\u00e9gal\u00e9, une valeur s\u00fbre. Le meilleur gazon synth\u00e9tique.<\/p> <\/div>  <\/div><\/div> <\/div>","protected":false},"excerpt":{"rendered":"<p>Vous vous posez la question d\u2019un gazon synth\u00e9tique? Il ne remplacera jamais une vraie pelouse, mais pour les amoureux du \u00ab&nbsp;toujours vert&nbsp;\u00bb, il vous faudra maintenant composer avec les fortes temp\u00e9ratures estivales et le manque d\u2019eau qui l\u2019accompagne. Alors si vous souhaitez une pelouse \u00ab&nbsp;anglaise&nbsp;\u00bb en r\u00e9gion parisienne, pourquoi ne pas opter pour un gazon&hellip; <br \/> <a class=\"read-more\" href=\"https:\/\/www.greenflore.fr\/?page_id=1958\">Lire la suite<\/a><\/p>\n","protected":false},"author":1,"featured_media":1963,"parent":0,"menu_order":0,"comment_status":"closed","ping_status":"closed","template":"pro\/page-templates\/full-width-page.php","meta":{"footnotes":""},"_links":{"self":[{"href":"https:\/\/www.greenflore.fr\/index.php?rest_route=\/wp\/v2\/pages\/1958"}],"collection":[{"href":"https:\/\/www.greenflore.fr\/index.php?rest_route=\/wp\/v2\/pages"}],"about":[{"href":"https:\/\/www.greenflore.fr\/index.php?rest_route=\/wp\/v2\/types\/page"}],"author":[{"embeddable":true,"href":"https:\/\/www.greenflore.fr\/index.php?rest_route=\/wp\/v2\/users\/1"}],"replies":[{"embeddable":true,"href":"https:\/\/www.greenflore.fr\/index.php?rest_route=%2Fwp%2Fv2%2Fcomments&post=1958"}],"version-history":[{"count":9,"href":"https:\/\/www.greenflore.fr\/index.php?rest_route=\/wp\/v2\/pages\/1958\/revisions"}],"predecessor-version":[{"id":2916,"href":"https:\/\/www.greenflore.fr\/index.php?rest_route=\/wp\/v2\/pages\/1958\/revisions\/2916"}],"wp:featuredmedia":[{"embeddable":true,"href":"https:\/\/www.greenflore.fr\/index.php?rest_route=\/wp\/v2\/media\/1963"}],"wp:attachment":[{"href":"https:\/\/www.greenflore.fr\/index.php?rest_route=%2Fwp%2Fv2%2Fmedia&parent=1958"}],"curies":[{"name":"wp","href":"https:\/\/api.w.org\/{rel}","templated":true}]}}