{"id":1968,"date":"2022-09-29T15:09:54","date_gmt":"2022-09-29T15:09:54","guid":{"rendered":"http:\/\/www.greenflore.com\/?page_id=1968"},"modified":"2023-05-27T08:51:06","modified_gmt":"2023-05-27T08:51:06","slug":"allee-en-gravillons","status":"publish","type":"page","link":"https:\/\/www.greenflore.fr\/?page_id=1968","title":{"rendered":"All\u00e9e en gravillons"},"content":{"rendered":"<div  data-label=\"Features\" data-id=\"features--1\" data-export-id=\"features-12-card\" data-category=\"features\" class=\"features-12-card content-section content-section-spacing \" id=\"features-1\" style=\"background-color: rgb(245, 250, 253);\"><div  class=\"gridContainer\"> <div  class=\"row text-center\"><div  class=\"section-title-col\" data-type=\"column\"> <h2  class=\"\">Et si vous changiez vos all\u00e9es?<\/h2> <p  class=\"lead\">Elle est souvent celle qu\u2019on apercoit en premier dans un jardin que l\u2019on visite, elle est celle qui nous acompagne tout le temps et par tout les temps. Elles peuvent \u00eatre droites ou en courbes, rafin\u00e9es ou pleines de charmes, elles sont la signature d\u2019un jardin, ne n\u00e9gligez pas vos all\u00e9es!&nbsp;<\/p><\/div> <\/div> <div  class=\"row spaced-cols\" data-type=\"row\"> <div  class=\"col-sm-6\"> <div  class=\"card row-card\"> <div  class=\"row\"> <div  class=\"col-sm-fit icon-column\"> <i  class=\"fa icon fa-blind reverse round large color9\"><\/i> <\/div> <div  class=\"col-sm\" data-type=\"column\"> <h5  class=\"color2\"><span  style=\"color: rgb(132, 167, 114);\">Une all\u00e9e pi\u00e8tonne&nbsp;<\/span><span  id=\"_mce_caret\" data-mce-bogus=\"1\" data-mce-type=\"format-caret\"><span  style=\"color: rgb(132, 167, 114);\">\ufeff<\/span><\/span><\/h5> <p  class=\"\">Elle sera uniquement emprunt\u00e9e par des pi\u00e9tons, sa largeur est r\u00e9duite.\n<br >Pour permettre le croisement de deux personnes, on pr\u00e9conise environ 1m de largeur et 1,20 m lorsque le jardin est grand.&nbsp;<\/p><\/div> <\/div><\/div> <\/div> <div  class=\"col-sm-6\"> <div  class=\"card row-card\"> <div  class=\"row\"> <div  class=\"col-sm-fit icon-column\"> <i  class=\"fa icon fa-automobile reverse round large color9\"><\/i> <\/div> <div  class=\"col-sm\" data-type=\"column\"> <h5  class=\"color2\"><span  style=\"color: rgb(132, 167, 114);\">Une all\u00e9e carrossable<\/span><\/h5> <p  class=\"\">Permettant d\u2019\u00eatre emprunt\u00e9e par des v\u00e9hicules, l\u2019all\u00e9e devra avoir une largeur de 2,50 m et permettre de manoeuvrer facilement, son revettement devra \u00eatre solide pour \u00e9viter une d\u00e9gradation dans le temps.&nbsp;<\/p><\/div> <\/div><\/div> <\/div>  <\/div> <\/div><\/div><div  data-label=\"Features\" data-id=\"features--2\" data-export-id=\"features-16-card-bordered-colored\" data-category=\"features\" class=\"features-16-card-bordered-colored content-section content-section-spacing\" id=\"features-2\" style=\"background-color: rgb(245, 250, 253);\"><div  class=\"gridContainer\"> <div  class=\"row text-center\"><div  class=\"section-title-col\" data-type=\"column\"> <h2  class=\"\">Et la bordure, comment la voulez-vous?<\/h2> <p  class=\"lead\">Il faudra d\u00e9limiter vos all\u00e9es par des bordures, c\u2019est notament le cas lorsque l\u2019on souhaite une all\u00e9e en gravillons, pour \u00e9viter que les graviers se m\u00e9lange \u00e0 la terre des massifs, il faudra construire une bordure. Nous vous proposons 3 types de bordures<\/p><\/div> <\/div> <div  class=\"row spaced-cols\" data-type=\"row\"> <div  class=\"col-xs-12 col-sm-6 col-md-4\"> <div  class=\"card no-padding bottom-border-color1\"> <img decoding=\"async\"  class=\"face\" src=\"https:\/\/www.greenflore.fr\/wp-content\/uploads\/2022\/09\/cropped-cropped-allee-gravillons-03.png\" title=\"cropped-cropped-allee-gravillons-03.png\" alt=\"\"> <div  data-type=\"column\" class=\"col-padding-small col-padding-small-xs description-container\"> <h4  class=\"font-500 color1\">EN BOIS<\/h4> <p  class=\"\">C\u2019est la simplicit\u00e9, le retour au vrai, \u00e0 la nature, le meilleur rapport qualit\u00e9 prix. Pour un jardin boh\u00e8me<\/p><\/div> <div  data-type=\"column\" class=\"col-padding-small col-padding-small-xs read-more-container\"><\/div> <\/div><\/div> <div  class=\"col-xs-12 col-sm-6 col-md-4\"><div  class=\"card no-padding bottom-border-color1\"> <img decoding=\"async\"  class=\"face\" src=\"https:\/\/www.greenflore.fr\/wp-content\/uploads\/2022\/09\/cropped-cropped-corten-massif-gravier-1.jpeg\" title=\"corten massif gravier\" alt=\"\"> <div  data-type=\"column\" class=\"col-padding-small col-padding-small-xs description-container\"> <h4  class=\"font-500 color1\">EN ACIER CORTEN<\/h4> <p  class=\"\">C\u2019est la modernit\u00e9, l\u2019esprit tendance, la recherche de l\u2019autentique, pour un jardin tendance.<\/p><\/div> <div  data-type=\"column\" class=\"col-padding-small col-padding-small-xs read-more-container\"><\/div> <\/div><\/div> <div  class=\"col-xs-12 col-sm-6 col-md-4\"><div  class=\"card no-padding bottom-border-color1\"> <img decoding=\"async\"  class=\"face\" src=\"https:\/\/www.greenflore.fr\/wp-content\/uploads\/2022\/09\/cropped-IMG_8646.jpeg\" title=\"cropped-IMG_8646.jpeg\" alt=\"\"> <div  data-type=\"column\" class=\"col-padding-small col-padding-small-xs description-container\"> <h4  class=\"font-500 color1\">EN PAVES<\/h4> <p  class=\"\">C\u2019est la tradition, la solidit\u00e9, le retour \u00e0 une histoire, pour un jardin plein de charme d\u2019antan.<\/p><\/div> <div  data-type=\"column\" class=\"col-padding-small col-padding-small-xs read-more-container\"><\/div> <\/div><\/div> <\/div><\/div> <\/div>","protected":false},"excerpt":{"rendered":"<p>Et si vous changiez vos all\u00e9es? Elle est souvent celle qu\u2019on apercoit en premier dans un jardin que l\u2019on visite, elle est celle qui nous acompagne tout le temps et par tout les temps. Elles peuvent \u00eatre droites ou en courbes, rafin\u00e9es ou pleines de charmes, elles sont la signature d\u2019un jardin, ne n\u00e9gligez pas&hellip; <br \/> <a class=\"read-more\" href=\"https:\/\/www.greenflore.fr\/?page_id=1968\">Lire la suite<\/a><\/p>\n","protected":false},"author":1,"featured_media":1975,"parent":0,"menu_order":0,"comment_status":"closed","ping_status":"closed","template":"pro\/page-templates\/full-width-page.php","meta":{"footnotes":""},"_links":{"self":[{"href":"https:\/\/www.greenflore.fr\/index.php?rest_route=\/wp\/v2\/pages\/1968"}],"collection":[{"href":"https:\/\/www.greenflore.fr\/index.php?rest_route=\/wp\/v2\/pages"}],"about":[{"href":"https:\/\/www.greenflore.fr\/index.php?rest_route=\/wp\/v2\/types\/page"}],"author":[{"embeddable":true,"href":"https:\/\/www.greenflore.fr\/index.php?rest_route=\/wp\/v2\/users\/1"}],"replies":[{"embeddable":true,"href":"https:\/\/www.greenflore.fr\/index.php?rest_route=%2Fwp%2Fv2%2Fcomments&post=1968"}],"version-history":[{"count":4,"href":"https:\/\/www.greenflore.fr\/index.php?rest_route=\/wp\/v2\/pages\/1968\/revisions"}],"predecessor-version":[{"id":2914,"href":"https:\/\/www.greenflore.fr\/index.php?rest_route=\/wp\/v2\/pages\/1968\/revisions\/2914"}],"wp:featuredmedia":[{"embeddable":true,"href":"https:\/\/www.greenflore.fr\/index.php?rest_route=\/wp\/v2\/media\/1975"}],"wp:attachment":[{"href":"https:\/\/www.greenflore.fr\/index.php?rest_route=%2Fwp%2Fv2%2Fmedia&parent=1968"}],"curies":[{"name":"wp","href":"https:\/\/api.w.org\/{rel}","templated":true}]}}