{"id":2005,"date":"2022-10-09T10:42:40","date_gmt":"2022-10-09T10:42:40","guid":{"rendered":"http:\/\/www.greenflore.com\/?page_id=2005"},"modified":"2024-07-22T14:51:28","modified_gmt":"2024-07-22T14:51:28","slug":"service-a-la-personne","status":"publish","type":"page","link":"https:\/\/www.greenflore.fr\/?page_id=2005","title":{"rendered":"Service \u00e0 la personne"},"content":{"rendered":"<div  data-label=\"About\" data-id=\"about--1\" data-export-id=\"about-3\" data-category=\"about\" class=\"about-3 content-section content-section-spacing\" id=\"about-1\" style=\"background-color: rgb(255, 255, 255);\"><div  class=\"gridContainer\"> <div  class=\"row\"><div  class=\"col-sm-6 col-padding-small-xs col-sm-padding-large bg-color5 white-text content-col\" data-type=\"column\"> <h5  class=\"\">S.A.P.<\/h5> <h2  class=\"\">Avec Greenflore<br > <span  href=\"#\" style=\"font-family: Playfair Display,sans-serif; font-weight: 700; font-style: italic;\">et notre coop\u00e9rative<\/span> b\u00e9n\u00e9ficiez de 50% de r\u00e9duction d\u2019impots<\/h2> <p  class=\"\">Sur tous vos travaux de jardinage \u00e9ligible.&nbsp;<\/p><\/div> <div  class=\"col-sm-6 no-gutter-col flexbox-strech center-xs middle-xs\"><div  class=\"lightbox-video dark-overlay shadow-large overlap-x-large flexbox middle-xs center-xs\" data-type=\"group\" data-bg=\"image\" style=\"background-image: url(&quot;https:\/\/www.greenflore.fr\/wp-content\/uploads\/2022\/10\/cropped-servicesalapersonne.jpg&quot;);\"> <a  data-fancybox=\"\" data-video-lightbox=\"true\" href=\"https:\/\/www.youtube.com\/watch?v=30mjyLq3I_U\" class=\"\"> <i  data-cp-fa=\"true\" class=\"fa video-icon fa-play-circle-o color7\"><\/i><\/a> <\/div><\/div> <\/div><\/div> <\/div><div  data-label=\"Cta\" data-id=\"cta--1\" data-export-id=\"cta-blue-section\" data-category=\"cta\" class=\"cta-blue-section content-section content-section-spacing-medium bg-color1 white-text\" id=\"cta-1\" style=\"background-image: none; background-color: rgb(132, 167, 114);\"><div  class=\"gridContainer\"> <div  class=\"row middle-xs\"><div  class=\"col-sm-8 space-bottom-xs\" data-type=\"column\"> <h2  class=\"\">Faites une demande en ligne<\/h2> <\/div> <div  class=\"col-sm-4 end-sm\" data-type=\"column\"> <a class=\"button color2\" href=\"\/\/www.greenflore.com?page_id=14\" target=\"_self\" data-cp-link=\"1\" data-icon=\"\" rel=\"noopener\">Demande en ligne<\/a><\/div> <\/div><\/div> <\/div><div  data-label=\"Features\" data-id=\"features--1\" data-export-id=\"features-16-card-bordered\" data-category=\"features\" class=\"features-16-card-bordered content-section content-section-spacing content-relative\" id=\"features-1\" style=\"background-color: rgba(255, 255, 255, 0); background-image: none;\"><div  class=\"gridContainer\"> <div  class=\"row text-center\"><div  class=\"section-title-col\" data-type=\"column\"> <h2  class=\"\">Une facture \u00e0 moiti\u00e9 prix!<\/h2> <p  class=\"lead\">Grace au dispositif de service \u00e0 la personne b\u00e9n\u00e9ficiez d\u2019une r\u00e9duction de 50% sur votre facture :\n<br >Exemple :&nbsp;Pour un entretien ponctuel de votre jardin de 150\u20ac, le co\u00fbt r\u00e9el apr\u00e8s la r\u00e9duction est de 75\u20ac.<\/p><\/div> <\/div> <div  class=\"row spaced-cols center-sm content-center-sm\" data-type=\"row\"> <div  class=\"col-xs-12 col-sm-6 col-md-4\"> <div  class=\"card no-padding bordered y-move\"> <img decoding=\"async\"  class=\"face\" src=\"https:\/\/www.greenflore.fr\/wp-content\/uploads\/2022\/10\/Logo-carre-JARDINIER-SAP.jpg\" title=\"Logo carr\u00e9 JARDINIER SAP\" alt=\"\"> <div  data-type=\"column\" class=\"col-padding-small col-padding-small-xs description-container\"> <h4  class=\"font-500\">JARDINIERS S.A.P.<\/h4> <p  class=\"\">Avec notre coop\u00e9rative \u00ab&nbsp;Jardiniers S.A.P. vous b\u00e9n\u00e9ficiez d\u2019une r\u00e9duction de 50% sur le montant de tous vos travaux de jardinage.<\/p><\/div> <div  data-type=\"column\" class=\"col-padding-small col-padding-small-xs read-more-container\"><a class=\"button color9\" href=\"\/\/www.jardiniers-sap.fr\/-Particuliers-\" target=\"_blank\" data-cp-link=\"1\" data-icon=\"\" rel=\"noopener\">En savoir plus<\/a><\/div> <\/div><\/div> <div  class=\"col-xs-12 col-sm-6 col-md-4\"><div  class=\"card no-padding bordered y-move\"> <img decoding=\"async\"  class=\"face\" src=\"https:\/\/www.greenflore.fr\/wp-content\/uploads\/2022\/10\/Logo-carre-SAP.jpg\" title=\"Logo carr\u00e9 SAP\" alt=\"\"> <div  data-type=\"column\" class=\"col-padding-small col-padding-small-xs description-container\"> <h4  class=\"font-500\">SERVICE A LA PERSONNE<\/h4> <p  class=\"\">Le plafond annuel des d\u00e9penses ouvrant droit au cr\u00e9dit d\u2019imp\u00f4t ne peut exc\u00e9der 5000 \u20ac soit 2500 \u20ac de cr\u00e9dit fiscal.&nbsp;<\/p><\/div> <div  data-type=\"column\" class=\"col-padding-small col-padding-small-xs read-more-container\"><a class=\"button color9\" href=\"\/\/www.servicesalapersonne.gouv.fr\/beneficier-des-sap\/quelles-sont-activites-de-services-la-personne\/petits-travaux-de-jardinage\" target=\"_blank\" data-cp-link=\"1\" data-icon=\"\" rel=\"noopener\">En savoir plus<\/a><\/div> <\/div><\/div> <div  class=\"col-xs-12 col-sm-6 col-md-4\"><div  class=\"card no-padding bordered y-move\"> <img decoding=\"async\"  class=\"face\" src=\"https:\/\/www.greenflore.fr\/wp-content\/uploads\/2022\/10\/Logo-carre-50.jpg\" title=\"Logo carr\u00e9 50%\" alt=\"\"> <div  data-type=\"column\" class=\"col-padding-small col-padding-small-xs description-container\"> <h4  class=\"font-500\">50% CREDIT D\u2019IMP\u00d4TS<\/h4> <p  class=\"\">Grace \u00e0 cette r\u00e9duction d\u2019imp\u00f4ts, vous ne payez r\u00e9ellement que la moiti\u00e9 de vos travaux de jardinage \u00e9ligibles.<\/p><\/div> <div  data-type=\"column\" class=\"col-padding-small col-padding-small-xs read-more-container\"><a class=\"button color9\" href=\"\/\/www.servicesalapersonne.gouv.fr\/beneficier-des-sap\/quelles-sont-activites-de-services-la-personne\/petits-travaux-de-jardinage\" target=\"_blank\" data-cp-link=\"1\" data-icon=\"\" rel=\"noopener\">En savoir plus<\/a><\/div> <\/div><\/div> <\/div><\/div> <\/div>","protected":false},"excerpt":{"rendered":"<p>S.A.P. Avec Greenflore et notre coop\u00e9rative b\u00e9n\u00e9ficiez de 50% de r\u00e9duction d\u2019impots Sur tous vos travaux de jardinage \u00e9ligible.&nbsp; Faites une demande en ligne Demande en ligne Une facture \u00e0 moiti\u00e9 prix! Grace au dispositif de service \u00e0 la personne b\u00e9n\u00e9ficiez d\u2019une r\u00e9duction de 50% sur votre facture : Exemple :&nbsp;Pour un entretien ponctuel de&hellip; <br \/> <a class=\"read-more\" href=\"https:\/\/www.greenflore.fr\/?page_id=2005\">Lire la suite<\/a><\/p>\n","protected":false},"author":1,"featured_media":765,"parent":0,"menu_order":0,"comment_status":"closed","ping_status":"closed","template":"pro\/page-templates\/full-width-page.php","meta":{"footnotes":""},"_links":{"self":[{"href":"https:\/\/www.greenflore.fr\/index.php?rest_route=\/wp\/v2\/pages\/2005"}],"collection":[{"href":"https:\/\/www.greenflore.fr\/index.php?rest_route=\/wp\/v2\/pages"}],"about":[{"href":"https:\/\/www.greenflore.fr\/index.php?rest_route=\/wp\/v2\/types\/page"}],"author":[{"embeddable":true,"href":"https:\/\/www.greenflore.fr\/index.php?rest_route=\/wp\/v2\/users\/1"}],"replies":[{"embeddable":true,"href":"https:\/\/www.greenflore.fr\/index.php?rest_route=%2Fwp%2Fv2%2Fcomments&post=2005"}],"version-history":[{"count":16,"href":"https:\/\/www.greenflore.fr\/index.php?rest_route=\/wp\/v2\/pages\/2005\/revisions"}],"predecessor-version":[{"id":3437,"href":"https:\/\/www.greenflore.fr\/index.php?rest_route=\/wp\/v2\/pages\/2005\/revisions\/3437"}],"wp:featuredmedia":[{"embeddable":true,"href":"https:\/\/www.greenflore.fr\/index.php?rest_route=\/wp\/v2\/media\/765"}],"wp:attachment":[{"href":"https:\/\/www.greenflore.fr\/index.php?rest_route=%2Fwp%2Fv2%2Fmedia&parent=2005"}],"curies":[{"name":"wp","href":"https:\/\/api.w.org\/{rel}","templated":true}]}}