{"id":2379,"date":"2022-12-03T18:12:50","date_gmt":"2022-12-03T18:12:50","guid":{"rendered":"http:\/\/www.greenflore.com\/?page_id=2379"},"modified":"2022-12-03T18:30:45","modified_gmt":"2022-12-03T18:30:45","slug":"actions","status":"publish","type":"page","link":"https:\/\/www.greenflore.fr\/?page_id=2379","title":{"rendered":"Actions"},"content":{"rendered":"<div data-label=\"Features\" data-id=\"features--1\" data-export-id=\"features-13-card-bordered\" data-category=\"features\" class=\"features-13 content-section content-section-spacing\" id=\"features-1\"  style=\"background-color: rgb(255, 255, 255);\"><div class=\"gridContainer\" > <div class=\"row text-center\" ><div class=\"section-title-col\" data-type=\"column\" > <h2 class=\"\" >Nos actions<\/h2> <p class=\"lead\" >Etre jardinier doit nous faire r\u00e9fl\u00e9chir sur notre environnement&nbsp;<\/p><\/div> <\/div> <div class=\"row spaced-cols content-center-sm\" data-type=\"row\" > <div class=\"col-sm-4\" > <div class=\"card bordered y-move\" data-type=\"column\" > <i class=\"fa icon fa-umbrella reverse round big color9\" ><\/i> <h4 class=\"\" >L&rsquo;eau<\/h4>  <a class=\"button y-move small color8\" href=\"\/\/www.greenflore.com\/?page_id=98\" target=\"_blank\" data-cp-link=\"1\" data-icon=\"\" rel=\"noopener\">VOIR<\/a><\/div> <\/div> <div class=\"col-sm-4\" > <div class=\"card bordered y-move\" data-type=\"column\" > <i class=\"fa icon fa-eye reverse round big color9\" ><\/i> <h4 class=\"\" >Le h\u00e9risson<\/h4>  <a class=\"button y-move small color8\" href=\"\/\/www.greenflore.com\/?page_id=97\" target=\"_blank\" data-cp-link=\"1\" data-icon=\"\" rel=\"noopener\">VOIR<\/a><\/div> <\/div> <div class=\"col-sm-4\" > <div class=\"card bordered y-move\" data-type=\"column\" > <i class=\"fa icon fa-pagelines reverse round big color9\" ><\/i> <h4 class=\"\" >Les plantes<\/h4>  <a class=\"button y-move small color8\" href=\"\/\/www.greenflore.com\/?page_id=99\" target=\"_blank\" data-cp-link=\"1\" data-icon=\"\" rel=\"noopener\">VOIR<\/a><\/div> <\/div><\/div> <\/div><\/div>","protected":false},"excerpt":{"rendered":"<p>Nos actions Etre jardinier doit nous faire r\u00e9fl\u00e9chir sur notre environnement&nbsp; L&rsquo;eau VOIR Le h\u00e9risson VOIR Les plantes VOIR<\/p>\n","protected":false},"author":1,"featured_media":1124,"parent":0,"menu_order":0,"comment_status":"closed","ping_status":"closed","template":"pro\/page-templates\/full-width-page.php","meta":{"footnotes":""},"_links":{"self":[{"href":"https:\/\/www.greenflore.fr\/index.php?rest_route=\/wp\/v2\/pages\/2379"}],"collection":[{"href":"https:\/\/www.greenflore.fr\/index.php?rest_route=\/wp\/v2\/pages"}],"about":[{"href":"https:\/\/www.greenflore.fr\/index.php?rest_route=\/wp\/v2\/types\/page"}],"author":[{"embeddable":true,"href":"https:\/\/www.greenflore.fr\/index.php?rest_route=\/wp\/v2\/users\/1"}],"replies":[{"embeddable":true,"href":"https:\/\/www.greenflore.fr\/index.php?rest_route=%2Fwp%2Fv2%2Fcomments&post=2379"}],"version-history":[{"count":2,"href":"https:\/\/www.greenflore.fr\/index.php?rest_route=\/wp\/v2\/pages\/2379\/revisions"}],"predecessor-version":[{"id":2386,"href":"https:\/\/www.greenflore.fr\/index.php?rest_route=\/wp\/v2\/pages\/2379\/revisions\/2386"}],"wp:featuredmedia":[{"embeddable":true,"href":"https:\/\/www.greenflore.fr\/index.php?rest_route=\/wp\/v2\/media\/1124"}],"wp:attachment":[{"href":"https:\/\/www.greenflore.fr\/index.php?rest_route=%2Fwp%2Fv2%2Fmedia&parent=2379"}],"curies":[{"name":"wp","href":"https:\/\/api.w.org\/{rel}","templated":true}]}}