{"id":2430,"date":"2023-01-04T14:33:50","date_gmt":"2023-01-04T14:33:50","guid":{"rendered":"http:\/\/www.greenflore.com\/?page_id=2430"},"modified":"2025-07-23T01:46:15","modified_gmt":"2025-07-23T01:46:15","slug":"page-daccueil","status":"publish","type":"page","link":"https:\/\/www.greenflore.fr\/","title":{"rendered":"Et le jardin devient facile"},"content":{"rendered":"<div  data-label=\"Features\" data-id=\"features--1\" data-export-id=\"features-13\" data-category=\"features\" class=\"features-13 content-section content-section-spacing content-relative\" id=\"features-1\" style=\"background-color: rgb(245, 250, 253);\"><div  class=\"gridContainer\"> <div  class=\"row text-center\"><div  class=\"section-title-col\" data-type=\"column\"> <h2  class=\"\">Pour avoir un beau jardin&nbsp;&nbsp;<\/h2> <p  class=\"lead\">4 approches au service de votre jardin<\/p><\/div> <\/div> <div  class=\"row spaced-cols center-sm content-center-sm\" data-type=\"row\"> <div  class=\"col col-sm-6 col-md-3 space-bottom\"> <i  class=\"fa icon fa-edit reverse round large color9\"><\/i> <h4  class=\"\">CREATION<\/h4> <p  class=\"\">Nous concevons des jardins, apr\u00e8s une \u00e9tude du site, nous vous proposons un am\u00e9nagement complet de votre jardin. Pour que vous ayez le plus beau jardin.&nbsp;&nbsp;<\/p> <a class=\"button y-move color20 white-text\" href=\"https:\/\/www.greenflore.fr?page_id=204\" target=\"_self\" data-cp-link=\"1\" data-icon=\"\" rel=\"noopener\">DECOUVRIR<\/a><\/div> <div  class=\"col col-sm-6 col-md-3 space-bottom\"><i  class=\"fa icon fa-envira reverse round large color9\"><\/i> <h4  class=\"\">EMBELLISSEMENT<\/h4> <p  class=\"\">Nous am\u00e9liorons votre jardin en r\u00e9alisant des plantations, engazonnements, r\u00e9am\u00e9nagements de certaines parties. Votre jardin sera plus beau.&nbsp;<\/p> <a class=\"button y-move color20\" href=\"https:\/\/www.greenflore.fr?page_id=2500\" target=\"_self\" data-cp-link=\"1\" data-icon=\"\" rel=\"noopener\">DECOUVRIR<\/a><\/div> <div  class=\"col col-sm-6 col-md-3 space-bottom\"><i  class=\"fa icon fa-pagelines reverse round large color9\"><\/i> <h4  class=\"\">ENTRETIEN<\/h4> <p  class=\"\">Que ce soit une remise en \u00e9tat, nettoyage de massif, taille, tonte, \u2026 Nous r\u00e9alisons des contrats d\u2019entretiens \u00e0 l\u2019ann\u00e9e pour vous permettre d\u2019en profiter pleinement.&nbsp;<\/p> <a class=\"button y-move color20\" href=\"https:\/\/www.greenflore.fr?page_id=2613\" target=\"_self\" data-cp-link=\"1\" data-icon=\"\" rel=\"noopener\">DECOUVRIR<\/a><\/div> <div  class=\"col col-sm-6 col-md-3 space-bottom\"><i  class=\"fa icon fa-tree reverse round large color9\"><\/i> <h4  class=\"\">&nbsp;TAILLE\/ELAGUAGE<\/h4> <p  class=\"\">Vous avez besoin de tailler, \u00e9laguer, abatre un arbre. Nous vous conseillons pour choisir la meilleur solution pour vos plantes.&nbsp;&nbsp;<\/p> <a class=\"button y-move color20\" href=\"https:\/\/www.greenflore.fr?page_id=1739\" target=\"_self\" data-cp-link=\"1\" data-icon=\"\" rel=\"noopener\">DECOUVRIR<\/a><\/div> <\/div><\/div> <\/div><div  data-label=\"About\" data-id=\"about--1\" data-export-id=\"about-3\" data-category=\"about\" class=\"about-3 content-section content-section-spacing\" id=\"about-1\" style=\"background-color: rgb(255, 255, 255);\"><div  class=\"gridContainer\"> <div  class=\"row\"><div  class=\"col-sm-6 col-padding-small-xs col-sm-padding-large bg-color5 white-text content-col\" data-type=\"column\"> <h5  class=\"\">Greenvid\u00e9o<\/h5> <h2  class=\"\">Une vid\u00e9o<br > <span  href=\"#\" style=\"font-family: Playfair Display,sans-serif; font-weight: 700; font-style: italic;\">pour voir le travail<\/span> de nos \u00e9quipes<\/h2> <p  class=\"\">Des jardiniers form\u00e9s dans les plus grandes \u00e9coles du paysage<\/p><\/div> <div  class=\"col-sm-6 no-gutter-col flexbox-strech center-xs middle-xs\"><div  class=\"lightbox-video dark-overlay shadow-large overlap-x-large flexbox middle-xs center-xs\" data-type=\"group\" data-bg=\"image\" style=\"background-image: url(&quot;https:\/\/www.greenflore.fr\/wp-content\/uploads\/2022\/10\/cropped-FISCHER-CARRE.jpg&quot;);\"> <a  data-fancybox=\"\" data-video-lightbox=\"true\" href=\"https:\/\/www.youtube.com\/watch?v=MGDJkp9Ye6s\" class=\"\"> <i  data-cp-fa=\"true\" class=\"fa video-icon fa-play-circle-o color7\"><\/i><\/a> <\/div><\/div> <\/div><\/div> <\/div><div  data-label=\"Clients\" data-id=\"clients--1\" data-export-id=\"clients-4\" data-category=\"clients\" class=\"clients-4 content-section content-section-spacing-small content-relative\" id=\"clients-1\" style=\"background-image: none; background-color: rgba(255, 255, 255, 0);\" data-section-ov=\"1\"><div  class=\"\"><div  data-section-title-area=\"true\" class=\"row text-center\">   <div  class=\"section-title-col\" data-type=\"column\">       <h2  class=\"\">Nos r\u00e9f\u00e9rences<\/h2>       <p  class=\"lead\">Ils nous font confiance, nous les remercions.<\/p>   <\/div><\/div>  <div  data-type=\"row\" class=\"row spaced-cols middle-xs center-xs space-bottom padding-lr\"> <div  class=\"col-xs-6 col-sm-2 col-md-2\"> <img  decoding=\"async\" src=\"https:\/\/www.greenflore.fr\/wp-content\/uploads\/2023\/04\/cropped-Web-competence.jpg\" class=\"\" title=\"cropped-Web-competence.jpg\" alt=\"\"><\/div><div  class=\"col-xs-6 col-sm-2 col-md-2\"> <img  decoding=\"async\" src=\"https:\/\/www.greenflore.fr\/wp-content\/uploads\/2023\/04\/Aubrygestionlogo-256w.webp\" class=\"\" title=\"Aubry+gestion+logo-256w\" alt=\"\"><\/div><div  class=\"col-xs-6 col-sm-2 col-md-2\"> <img  decoding=\"async\" src=\"https:\/\/www.greenflore.fr\/wp-content\/uploads\/2023\/04\/logo_tjfr.png\" class=\"\" title=\"logo_tjfr\" alt=\"\"><\/div>     <div  class=\"col-xs-6 col-sm-2 col-md-2\"> <img  decoding=\"async\" src=\"https:\/\/www.greenflore.fr\/wp-content\/uploads\/2023\/04\/cropped-Prefecture-de-police-Paris.jpg\" class=\"\" title=\"cropped-Prefecture-de-police-Paris.jpg\" alt=\"\"><\/div><div  class=\"col-xs-6 col-sm-2 col-md-2\"> <img  decoding=\"async\" src=\"https:\/\/www.greenflore.fr\/wp-content\/uploads\/2024\/09\/cropped-orpi.jpg\" class=\"\" title=\"cropped-orpi.jpg\" alt=\"\"><\/div> <div  class=\"col-xs-6 col-sm-2 col-md-2\"> <img  decoding=\"async\" src=\"https:\/\/www.greenflore.fr\/wp-content\/uploads\/2023\/04\/cropped-Logo-Bougon.jpg\" class=\"\" title=\"cropped-Logo-Bougon.jpg\" alt=\"\"><\/div><\/div><\/div> <\/div><div  data-label=\"Testimonials\" data-id=\"testimonials--1\" data-export-id=\"testimonials-1\" data-category=\"testimonials\" class=\"testimonials-1 content-section content-section-spacing\" id=\"testimonials-1\" style=\"background-color: rgb(255, 255, 255);\"><div  class=\"gridContainer\"> <div  class=\"row\"><div  data-type=\"column\" class=\"section-title-col\"> <h2  class=\"\">Derniers avis de nos clients<\/h2> <p  class=\"lead\">Voici ce que nos clients disent de nous car ce sont eux qui en parle le mieux.&nbsp;<\/p><\/div> <\/div> <div  class=\"row spaced-cols content-center-sm\" data-type=\"row\"> <div  class=\"col-xs-12 col-sm-6 col-md-4\"> <i  class=\"fa icon quotation-icon fa-pagelines color9\"><\/i> <p  class=\"\">Greenflore a \u00e9t\u00e9 parfait pour am\u00e9nager mon jardin, me conseiller sur ce qui \u00e9tait viable a long terme et ce qui ne l\u2019\u00e9tait pas, sans pousser \u00e0 la d\u00e9pense. Du devis a la fin, je les ai trouv\u00e9s agr\u00e9ables discrets et efficaces.<br >\nJe recommande++++<br >\nMerci encore<\/p> <img  decoding=\"async\" src=\"https:\/\/www.greenflore.fr\/wp-content\/uploads\/2022\/10\/cropped-orange.jpg\" class=\"round icon\" title=\"cropped-orange.jpg\" alt=\"\"> <h5  class=\"\">Nicolas J<\/h5> <h4  class=\"\"><span  style=\"font-family: &quot;Open Sans&quot;, arial, helvetica, sans-serif; font-weight: 400; font-style: italic;\">Villemomble<\/span><span  id=\"_mce_caret\" data-mce-bogus=\"1\" data-mce-type=\"format-caret\"><span  style=\"font-family: &quot;Open Sans&quot;, arial, helvetica, sans-serif; font-weight: 400;\">\ufeff<\/span><\/span><span  id=\"_mce_caret\" data-mce-bogus=\"1\" data-mce-type=\"format-caret\"><span  style=\"font-style: italic;\">\ufeff<\/span><\/span><\/h4><\/div> <div  class=\"col-xs-12 col-sm-6 col-md-4\"><i  class=\"fa icon quotation-icon fa-tree color9\"><\/i> <p  class=\"\">Nous avons contact\u00e9 Greenflore pour trouver une solution \u00e0 notre jardin qui \u00e9tait compl\u00e8tement d\u00e9laiss\u00e9. Ils ont fait un travail extraordinaire par leur professionnalisme et s\u00e9rieux. Apr\u00e8s 3 passages, notre jardin est juste magnifique. Je ne le reconnais pas. Ils sont \u00e0 l\u2019\u00e9coute, r\u00e9actifs et efficaces, ils nettoient tout apr\u00e8s leur passage. Merci Greenflore. Je les recommande vivement.<\/p> <img  decoding=\"async\" src=\"https:\/\/www.greenflore.fr\/wp-content\/uploads\/2022\/10\/cropped-Jaune.jpg\" class=\"round icon\" title=\"cropped-Jaune.jpg\" alt=\"\"> <h5  class=\"\">Meryem G<\/h5> <h4  class=\"\"><span  style=\"font-family: &quot;Open Sans&quot;, arial, helvetica, sans-serif; font-weight: 400; font-style: italic;\">Gagny<\/span><\/h4><\/div> <div  class=\"col-xs-12 col-sm-6 col-md-4\"><i  class=\"fa icon quotation-icon fa-envira color9\"><\/i> <p  class=\"\">Enfin une entreprise s\u00e9rieuse et tr\u00e8s professionnelle !<br >\nLe dirigeant, a l\u2019amour des jardins et du travail bien fait ( ce qui est tr\u00e8s rare de nos jours), en plus des comp\u00e9tences. C\u2019est \u00e9galement sans oublier son \u00e9quipe qui est jeune, efficace, discr\u00e8te et tr\u00e8s sympathique.<br >\nAu fil du temps, j\u2019ai vu mon jardin se m\u00e9tamorphoser et je continue \u00e0 faire confiance \u00e0 GREENFLORE car les r\u00e9sultats sont toujours au rendez-vous.<\/p> <img  decoding=\"async\" src=\"https:\/\/www.greenflore.fr\/wp-content\/uploads\/2022\/10\/cropped-rose-1.jpg\" class=\"round icon\" title=\"rose\" alt=\"\"> <h5  class=\"\">Dominique F<\/h5> <p  class=\"small\" style=\"font-style: italic;\">Le Raincy<span  id=\"_mce_caret\" data-mce-bogus=\"1\" data-mce-type=\"format-caret\"><span  style=\"font-style: italic;\">\ufeff<\/span><\/span><\/p><\/div> <\/div><\/div> <\/div><div  data-label=\"Counters\" data-id=\"counters--1\" data-export-id=\"counters-1\" data-category=\"counters\" class=\"counters-1 content-section content-section-spacing content-relative\" id=\"counters-1\" style=\"background-color: rgb(245, 250, 253);\"><div  class=\"gridContainer\"> <div  class=\"row text-center\"><div  class=\"section-title-col\" data-type=\"column\"> <h2  class=\"\">Depuis 2018<\/h2> <p  class=\"lead\">Chez Greenflore, nous sommes attach\u00e9 \u00e0 ce que chaque client soit satisfait de notre travail.\n<br >Nous sommes fortement implant\u00e9 \u00e0 Villemomble\/Le Raincy et leurs villes limitrophes<\/p><\/div> <\/div> <div  class=\"row spaced-cols\" data-type=\"row\" data-fixed=\"true\"> <div  class=\"col-xs-12 col-sm-4 space-bottom-small col-padding-xs\"> <div  class=\"circle-counter color9\"> <svg  class=\"circle-svg\" viewBox=\"0 0 100 100\"> <circle  r=\"48\" stroke-linecap=\"round\" cx=\"50\" cy=\"50\" fill=\"transparent\" stroke-dasharray=\"301.6\" stroke-dashoffset=\"301.6px\"><\/circle> <circle  class=\"circle-bar\" r=\"48\" stroke-linecap=\"round\" cx=\"50\" cy=\"50\" fill=\"transparent\" stroke-dasharray=\"301.6\" stroke-dashoffset=\"301.6px\" style=\"stroke-dashoffset: 0px;\"><\/circle><\/svg> <div  class=\"circle-content\"><h2  class=\"font-100\" data-min=\"0\" data-max=\"823\" data-stop=\"823\" data-prefix=\"\" data-suffix=\"\" data-countup=\"true\" data-duration=\"2000\"><\/h2> <p >clients nous font\n<br >confiance<span  id=\"_mce_caret\" data-mce-bogus=\"1\" data-mce-type=\"format-caret\"><span  style=\"color: rgb(132, 167, 114);\">\ufeff<\/span><\/span><span  id=\"_mce_caret\" data-mce-bogus=\"1\" data-mce-type=\"format-caret\"><span  style=\"color: rgb(255, 152, 0);\">\ufeff<\/span><\/span><\/p><\/div> <\/div><\/div> <div  class=\"col-xs-12 col-sm-4 space-bottom-small col-padding-xs\"><div  class=\"circle-counter color18\"> <svg  class=\"circle-svg\" viewBox=\"0 0 100 100\"><circle  r=\"48\" stroke-linecap=\"round\" cx=\"50\" cy=\"50\" fill=\"transparent\" stroke-dasharray=\"301.6\" stroke-dashoffset=\"301.6px\"><\/circle> <circle  class=\"circle-bar\" r=\"48\" stroke-linecap=\"round\" cx=\"50\" cy=\"50\" fill=\"transparent\" stroke-dasharray=\"301.6\" stroke-dashoffset=\"301.6px\" style=\"stroke-dashoffset: 0px;\"><\/circle><\/svg> <div  class=\"circle-content\"><h2  class=\"font-100\" data-min=\"0\" data-max=\"100\" data-stop=\"100\" data-prefix=\"\" data-suffix=\"%\" data-countup=\"true\" data-duration=\"2000\"><\/h2> <p >de satisfaction<span  id=\"_mce_caret\" data-mce-bogus=\"1\" data-mce-type=\"format-caret\"><span  style=\"color: rgb(3, 169, 244);\">\ufeff<\/span><\/span><\/p><\/div> <\/div><\/div> <div  class=\"col-xs-12 col-sm-4 space-bottom-small col-padding-xs\"><div  class=\"circle-counter color8\"> <svg  class=\"circle-svg\" viewBox=\"0 0 100 100\"><circle  r=\"48\" stroke-linecap=\"round\" cx=\"50\" cy=\"50\" fill=\"transparent\" stroke-dasharray=\"301.6\" stroke-dashoffset=\"301.6px\"><\/circle> <circle  class=\"circle-bar\" r=\"48\" stroke-linecap=\"round\" cx=\"50\" cy=\"50\" fill=\"transparent\" stroke-dasharray=\"301.6\" stroke-dashoffset=\"301.6px\" style=\"stroke-dashoffset: 0px;\"><\/circle><\/svg> <div  class=\"circle-content\"><h2  class=\"font-100\" data-min=\"0\" data-max=\"10000\" data-stop=\"10000\" data-prefix=\"+\" data-suffix=\"\" data-countup=\"true\" data-duration=\"1000\"><\/h2> <p >V\u00e9g\u00e9taux plant\u00e9s<\/p><\/div> <\/div><\/div> <\/div><\/div> <\/div><div  data-label=\"Team\" data-id=\"team--1\" data-export-id=\"team-5\" data-category=\"team\" class=\"team-5 content-section content-section-spacing\" id=\"team-1\" style=\"background-color: rgb(255, 255, 255);\"><div  class=\"gridContainer\"> <div  class=\"row text-center\"><div  class=\"section-title-col\" data-type=\"column\"> <h2  class=\"\">Une \u00e9quipe \u00e0 votre service<\/h2> <p  class=\"lead\">Pour r\u00e9pondre \u00e0 vos attentes, nos jardiniers(es) ont tous \u00e9t\u00e9 form\u00e9s dans les plus prestigieuses \u00e9cole du paysage pour vous apporter toujours le meilleur service.&nbsp;<\/p><\/div> <\/div> <div  class=\"row spaced-cols content-center-sm\" data-type=\"row\"> <div  class=\"col-xs-12 col-sm-6 col-padding col-md-4 \"> <div  class=\"row \"> <div  data-type=\"column\" class=\"col-xs-12 col-sm-12\"> <img  decoding=\"async\" class=\"round face\" src=\"https:\/\/www.greenflore.fr\/wp-content\/uploads\/2023\/08\/Anne-Laure02.jpg\" title=\"Anne-Laure02\" alt=\"\"> <h4  class=\"font-500\">Anne-Laure<\/h4>  <h6  class=\"\">Pr\u00e9sidente<\/h6><p  class=\"\"><sub >Diplom\u00e9e d\u2019une grande universit\u00e9 en finance, Anne-Laure a travaill\u00e9 dans une grande banque internationale avant de rejoindre l\u2019aventure GREENFLORE et d\u2019en assurer la pr\u00e9sidence, elle aime les math\u00e9matiques, le relationnel et les chats.&nbsp;<\/sub><\/p> <div  class=\"social-icons-group\" data-type=\"group\"> <a  href=\"#\"><i  class=\"gray fa icon fa-facebook-square small\"><\/i><\/a> <a  href=\"#\"><i  class=\"gray fa icon fa-twitter-square small\"><\/i><\/a> <a  href=\"#\"><i  class=\"gray fa icon fa-linkedin-square small\"><\/i><\/a> <a  href=\"#\"><i  class=\"gray fa icon fa-google-plus-square small\"><\/i><\/a><\/div> <\/div><\/div> <\/div><div  class=\"col-xs-12 col-sm-6 col-padding col-md-4 \"> <div  class=\"row \"> <div  data-type=\"column\" class=\"col-xs-12 col-sm-12\"> <img  decoding=\"async\" class=\"round face\" src=\"https:\/\/www.greenflore.fr\/wp-content\/uploads\/2023\/08\/Laurent04.jpg\" title=\"Laurent04\" alt=\"\"> <h4  class=\"font-500\">Laurent<\/h4>  <h6  class=\"\">Direction technique<\/h6><p  class=\"\"><sub >Diplom\u00e9 de l\u2019\u00e9cole d\u2019ing\u00e9nieur d\u2019ANGERS (ESA) Laurent est un sp\u00e9cialiste des jardins. En 35 ans, Il a form\u00e9 plus de mille jardiniers, chefs de chantiers et enseignants en paysage avant de cr\u00e9er GREENFLORE. Il aime l&rsquo;histoire de l&rsquo;art des jardins, l&rsquo;architecture et le th\u00e9.<\/sub><\/p> <div  class=\"social-icons-group\" data-type=\"group\"> <a  href=\"#\"><i  class=\"gray fa icon fa-facebook-square small\"><\/i><\/a> <a  href=\"#\"><i  class=\"gray fa icon fa-twitter-square small\"><\/i><\/a> <a  href=\"#\"><i  class=\"gray fa icon fa-linkedin-square small\"><\/i><\/a> <a  href=\"#\"><i  class=\"gray fa icon fa-google-plus-square small\"><\/i><\/a><\/div> <\/div><\/div> <\/div> <div  class=\"col-xs-12 col-sm-6 col-padding col-md-4 \"> <div  class=\"row \"> <div  data-type=\"column\" class=\"col-xs-12 col-sm-12\"> <img  decoding=\"async\" class=\"round face\" src=\"https:\/\/www.greenflore.fr\/wp-content\/uploads\/2023\/11\/Detail.jpg\" title=\"D\u00e9tail\" alt=\"\"> <h4  class=\"font-500\">Marie<\/h4>  <h6  class=\"\">Maitre jardiniere en charge du secteur entretien et embellissement<\/h6><p  class=\"\"><sub >Sp\u00e9cialis\u00e9e dans la gestion \u00e9cologique du jardin, Marie a suivi plusieurs formations en paysage avant de rejoindre GREENFLORE. Elle a en charge le suivi des jardins. Elle aime le travail bien fait, la gestion \u00e9cologique et les voyages.<\/sub><\/p> <div  class=\"social-icons-group\" data-type=\"group\"> <a  href=\"#\"><i  class=\"gray fa icon fa-facebook-square small\"><\/i><\/a> <a  href=\"#\"><i  class=\"gray fa icon fa-twitter-square small\"><\/i><\/a> <a  href=\"#\"><i  class=\"gray fa icon fa-linkedin-square small\"><\/i><\/a> <a  href=\"#\"><i  class=\"gray fa icon fa-google-plus-square small\"><\/i><\/a><\/div> <\/div><\/div> <\/div><div  class=\"col-xs-12 col-sm-6 col-padding col-md-4 \"> <div  class=\"row \"> <div  data-type=\"column\" class=\"col-xs-12 col-sm-12\"> <img  decoding=\"async\" class=\"round face\" src=\"https:\/\/www.greenflore.fr\/wp-content\/uploads\/2023\/08\/Dierry-plan-serre.jpg\" title=\"Dierry plan serr\u00e9\" alt=\"\"> <h4  class=\"font-500\">Dierry<\/h4>  <h6  class=\"\">Compagnon jardinier en charge des tailles et v\u00e9g\u00e9talisation<\/h6><p  class=\"\"><sub >Form\u00e9 au m\u00e9tier de jardinier, Dierry travaille depuis 5 ans chez GREENFLORE. Il est sp\u00e9cialis\u00e9 dans les plantations l\u2019engazonnement et les tailles. Il aime grimper dans les arbres, les machines et le caf\u00e9.<\/sub><\/p> <div  class=\"social-icons-group\" data-type=\"group\"> <a  href=\"#\"><i  class=\"gray fa icon fa-facebook-square small\"><\/i><\/a> <a  href=\"#\"><i  class=\"gray fa icon fa-twitter-square small\"><\/i><\/a> <a  href=\"#\"><i  class=\"gray fa icon fa-linkedin-square small\"><\/i><\/a> <a  href=\"#\"><i  class=\"gray fa icon fa-google-plus-square small\"><\/i><\/a><\/div> <\/div><\/div> <\/div>  <div  class=\"col-xs-12 col-sm-6 col-padding col-md-4 \"> <div  class=\"row \"> <div  data-type=\"column\" class=\"col-xs-12 col-sm-12\"> <img  decoding=\"async\" class=\"round face\" src=\"https:\/\/www.greenflore.fr\/wp-content\/uploads\/2023\/11\/Photo-serge-pour-site.jpg\" title=\"Photo serge pour site\" alt=\"\"> <h4  class=\"font-500\">Serge<\/h4>  <h6  class=\"\">Compagnon jardinier en charge des cr\u00e9ations et ma\u00e7onneries<\/h6><p  class=\"\"><sub >Diplom\u00e9 d\u2019une prestigieuse \u00e9cole d\u2019horticulture, Serge s\u2019est sp\u00e9cialis\u00e9 dans les constructions paysag\u00e8res (all\u00e9es, terrasses, murets,\u2026). Il aime la pr\u00e9cision, g\u00e9rer un chantier et le Rapp.<\/sub><span  id=\"_mce_caret\" data-mce-bogus=\"1\" data-mce-type=\"format-caret\"><sub >\ufeff<\/sub><\/span><\/p> <div  class=\"social-icons-group\" data-type=\"group\"> <a  href=\"#\"><i  class=\"gray fa icon fa-facebook-square small\"><\/i><\/a> <a  href=\"#\"><i  class=\"gray fa icon fa-twitter-square small\"><\/i><\/a> <a  href=\"#\"><i  class=\"gray fa icon fa-linkedin-square small\"><\/i><\/a> <a  href=\"#\"><i  class=\"gray fa icon fa-google-plus-square small\"><\/i><\/a><\/div> <\/div><\/div> <\/div><div  class=\"col-xs-12 col-sm-6 col-padding col-md-4 \"> <div  class=\"row \"> <div  data-type=\"column\" class=\"col-xs-12 col-sm-12\"> <img  decoding=\"async\" class=\"round face\" src=\"https:\/\/www.greenflore.fr\/wp-content\/uploads\/2024\/04\/etienne-gros-plan-cadre.jpg\" title=\"etienne gros plan cadr\u00e9\" alt=\"\"> <h4  class=\"font-500\">Etienne<\/h4>  <h6  class=\"\">Elagueur- Taille, \u00e9lagage, d\u00e9montage et abattage<\/h6><p  class=\"\"><sub >Form\u00e9 aux techniques d\u2019\u00e9lagage respectueuses de l\u2019abre par la plus prestigieuse \u00e9cole d\u2019\u00e9lagueurs, Etienne s\u2019est impos\u00e9 comme un sp\u00e9cialiste dans la connaissance de l\u2019arbre. Il aime regarder le ciel depuis le sommet d\u2019un arbre, le th\u00e9 et le jazz.<\/sub><\/p> <div  class=\"social-icons-group\" data-type=\"group\"> <a  href=\"#\"><i  class=\"gray fa icon fa-facebook-square small\"><\/i><\/a> <a  href=\"#\"><i  class=\"gray fa icon fa-twitter-square small\"><\/i><\/a> <a  href=\"#\"><i  class=\"gray fa icon fa-linkedin-square small\"><\/i><\/a> <a  href=\"#\"><i  class=\"gray fa icon fa-google-plus-square small\"><\/i><\/a><\/div> <\/div><\/div> <\/div>    <\/div> <\/div><\/div>","protected":false},"excerpt":{"rendered":"<p>Pour avoir un beau jardin&nbsp;&nbsp; 4 approches au service de votre jardin CREATION Nous concevons des jardins, apr\u00e8s une \u00e9tude du site, nous vous proposons un am\u00e9nagement complet de votre jardin. Pour que vous ayez le plus beau jardin.&nbsp;&nbsp; DECOUVRIR EMBELLISSEMENT Nous am\u00e9liorons votre jardin en r\u00e9alisant des plantations, engazonnements, r\u00e9am\u00e9nagements de certaines parties. Votre&hellip; <br \/> <a class=\"read-more\" href=\"https:\/\/www.greenflore.fr\/\">Lire la suite<\/a><\/p>\n","protected":false},"author":1,"featured_media":0,"parent":0,"menu_order":0,"comment_status":"closed","ping_status":"closed","template":"pro\/page-templates\/full-width-page.php","meta":{"footnotes":""},"_links":{"self":[{"href":"https:\/\/www.greenflore.fr\/index.php?rest_route=\/wp\/v2\/pages\/2430"}],"collection":[{"href":"https:\/\/www.greenflore.fr\/index.php?rest_route=\/wp\/v2\/pages"}],"about":[{"href":"https:\/\/www.greenflore.fr\/index.php?rest_route=\/wp\/v2\/types\/page"}],"author":[{"embeddable":true,"href":"https:\/\/www.greenflore.fr\/index.php?rest_route=\/wp\/v2\/users\/1"}],"replies":[{"embeddable":true,"href":"https:\/\/www.greenflore.fr\/index.php?rest_route=%2Fwp%2Fv2%2Fcomments&post=2430"}],"version-history":[{"count":61,"href":"https:\/\/www.greenflore.fr\/index.php?rest_route=\/wp\/v2\/pages\/2430\/revisions"}],"predecessor-version":[{"id":3533,"href":"https:\/\/www.greenflore.fr\/index.php?rest_route=\/wp\/v2\/pages\/2430\/revisions\/3533"}],"wp:attachment":[{"href":"https:\/\/www.greenflore.fr\/index.php?rest_route=%2Fwp%2Fv2%2Fmedia&parent=2430"}],"curies":[{"name":"wp","href":"https:\/\/api.w.org\/{rel}","templated":true}]}}