{"id":2500,"date":"2023-01-15T22:55:59","date_gmt":"2023-01-15T22:55:59","guid":{"rendered":"http:\/\/www.greenflore.com\/?page_id=2500"},"modified":"2025-10-17T17:55:48","modified_gmt":"2025-10-17T17:55:48","slug":"embellissement","status":"publish","type":"page","link":"https:\/\/www.greenflore.fr\/?page_id=2500","title":{"rendered":"Embellir un jardin"},"content":{"rendered":"<div  data-label=\"Features\" data-id=\"features--1\" data-export-id=\"features-13-card-bordered\" data-category=\"features\" class=\"features-13 content-section content-section-spacing\" id=\"features-1\" style=\"background-color: rgb(255, 255, 255);\"><div  class=\"gridContainer\"> <div  class=\"row text-center\"><div  class=\"section-title-col\" data-type=\"column\"> <h2  class=\"\">Un jardin en friche<\/h2> <p  class=\"lead\">Nos \u00e9quipes s\u2019appliquent \u00e0 vous rendre un jardin toujours plus beau, m\u00eame lorsque vous l\u2019avez oubli\u00e9 un certain temps \u2026 Merci \u00e0 Marie, Serge et Fares pour leur efficacit\u00e9<\/p><\/div> <\/div> <div  class=\"row spaced-cols content-center-sm\" data-type=\"row\"> <div  class=\"col-sm-4\"> <div  class=\"card bordered y-move\" data-type=\"column\">   <h4 class=\"\" >AVANT &#8211; APRES<\/h4><p  class=\"\">Une cours jardin \u00e0 Villemomble<\/p><div  data-editable=\"true\" data-name=\"ope-custom-content-shortcode\" data-content-shortcode=\"bafg id=&quot;3540&quot;\" class=\"\" style=\"position: relative; top: 0px; left: 0px;\">\n\t\t\t\n\t<style type=\"text\/css\">\n\t\t.slider-info-3540.bafg-slider-info .bafg-slider-title {\n\t\t\t\t\t\t\tfont-size:\n\t\t\t\t\t22px\t\t\t\t;\n\t\t\t\n\t\t\t\n\t\t\t\t\t}\n\n\t\t.slider-info-3540.bafg-slider-info .bafg-slider-description {\n\t\t\t\n\t\t\t\n\t\t\t\t\t}\n\t\t\n\t\t\n\t\t.slider-info-3540.bafg-slider-info .bafg_slider_readmore_button {\n\t\t\t\n\t\t\t\n\t\t\t\n\t\t\t\n\t\t\t\n\t\t\ttext-align: center;\n\n\t\t\t\n\t\t\t\n\t\t\t\n\t\t\t\n\t\t\t\t\t}\n\n\t\t.slider-info-3540.bafg-slider-info .bafg_slider_readmore_button:hover {\n\n\t\t\t\n\t\t\t\n\t\t\t\t\t}\n\t<\/style>\n\t\n\t\t\t<div class=\"bafg-twentytwenty-container slider-3540  \"\n\t\t\t\tbafg-orientation=\"horizontal\" bafg-default-offset=\"1\"\n\t\t\t\tbafg-before-label=\"Avant\"\n\t\t\t\tbafg-after-label=\"Apr\u00e8s\" bafg-overlay=\"1\"\n\t\t\t\tbafg-move-slider-on-hover=\"\"\n\t\t\t\tbafg-click-to-move=\"\">\n\n\t\t\t\t\t\t\t\t<img class=\"skip-lazy\" data-skip-lazy\t\t\t\t\tsrc=\"https:\/\/www.greenflore.fr\/wp-content\/uploads\/2025\/10\/01-Debrou-avant-retou-35.jpg\" alt=\"La jungle\">\n\t\t\t\t<img class=\"skip-lazy\" data-skip-lazy\t\t\t\t\tsrc=\"https:\/\/www.greenflore.fr\/wp-content\/uploads\/2025\/10\/01-Debrou-apres-retou-35.jpg\" alt=\"La maitrise\">\n\n\t\t\t<\/div>\n\n\t\t\t\t<div class=\"bafg-slider-info-wraper\">\n\t\t<div style=\"\" class=\"slider-info-3540 bafg-slider-info\">\n\t\t\t\t\t\t\t<h2 class=\"bafg-slider-title\">D\u00e9couvrez notre travail<\/h2>\n\t\t\t\t\t\t\t\t<div class=\"bafg-slider-description\">\n\t\t\t\t\tFaites glisser le curseur pour voir le travail de nos \u00e9quipes\t\t\t\t<\/div>\n\t\t\t\t\t\t<\/div>\n\t<\/div>\n\t\n\t\t\t<style type=\"text\/css\">\n\t\t\t\t\t\t\t\t\t\t\t<\/style>\n\t\t\t<\/div> <\/div> <\/div> <div  class=\"col-sm-4\"> <div  class=\"card bordered y-move\" data-type=\"column\">  <h4  class=\"\">AVANT-APRES<\/h4> <p  class=\"\">Une cours jardin \u00e0 Villemomble<\/p> <div data-editable=\"true\" data-name=\"ope-custom-content-shortcode\" data-content-shortcode=\"bafg id=&quot;3553&quot;\" class=\"\"  style=\"position: relative; top: 0px; left: 0px;\">\n\t\t\t\n\t<style type=\"text\/css\">\n\t\t.slider-info-3553.bafg-slider-info .bafg-slider-title {\n\t\t\t\t\t\t\tfont-size:\n\t\t\t\t\t22px\t\t\t\t;\n\t\t\t\n\t\t\t\n\t\t\t\t\t}\n\n\t\t.slider-info-3553.bafg-slider-info .bafg-slider-description {\n\t\t\t\n\t\t\t\n\t\t\t\t\t}\n\t\t\n\t\t\n\t\t.slider-info-3553.bafg-slider-info .bafg_slider_readmore_button {\n\t\t\t\n\t\t\t\n\t\t\t\n\t\t\t\n\t\t\t\n\t\t\ttext-align: center;\n\n\t\t\t\n\t\t\t\n\t\t\t\n\t\t\t\n\t\t\t\t\t}\n\n\t\t.slider-info-3553.bafg-slider-info .bafg_slider_readmore_button:hover {\n\n\t\t\t\n\t\t\t\n\t\t\t\t\t}\n\t<\/style>\n\t\n\t\t\t<div class=\"bafg-twentytwenty-container slider-3553  \"\n\t\t\t\tbafg-orientation=\"horizontal\" bafg-default-offset=\"1\"\n\t\t\t\tbafg-before-label=\"Avant\"\n\t\t\t\tbafg-after-label=\"Apr\u00e8s\" bafg-overlay=\"1\"\n\t\t\t\tbafg-move-slider-on-hover=\"\"\n\t\t\t\tbafg-click-to-move=\"\">\n\n\t\t\t\t\t\t\t\t<img class=\"skip-lazy\" data-skip-lazy\t\t\t\t\tsrc=\"https:\/\/www.greenflore.fr\/wp-content\/uploads\/2025\/10\/02-Debrou-avant-retou-35.jpg\" alt=\"\">\n\t\t\t\t<img class=\"skip-lazy\" data-skip-lazy\t\t\t\t\tsrc=\"https:\/\/www.greenflore.fr\/wp-content\/uploads\/2025\/10\/02-Debrou-apres-retou-35.jpg\" alt=\"\">\n\n\t\t\t<\/div>\n\n\t\t\t\t<div class=\"bafg-slider-info-wraper\">\n\t\t<div style=\"\" class=\"slider-info-3553 bafg-slider-info\">\n\t\t\t\t\t\t\t<h2 class=\"bafg-slider-title\">D\u00e9couvrez notre travail<\/h2>\n\t\t\t\t\t\t\t\t<div class=\"bafg-slider-description\">\n\t\t\t\t\tFaites glisser le curseur pour voir le travail de nos \u00e9quipes\t\t\t\t<\/div>\n\t\t\t\t\t\t<\/div>\n\t<\/div>\n\t\n\t\t\t<style type=\"text\/css\">\n\t\t\t\t\t\t\t\t\t\t\t<\/style>\n\t\t\t<\/div><\/div> <\/div> <div  class=\"col-sm-4\"> <div  class=\"card bordered y-move\" data-type=\"column\">  <h4  class=\"\">AVANT &#8211; APRES<\/h4>  <p  class=\"\">Une cours jardin \u00e0 Villemomble<\/p><div data-editable=\"true\" data-name=\"ope-custom-content-shortcode\" data-content-shortcode=\"bafg id=&quot;3564&quot;\" class=\"\"  style=\"position: relative; top: 0px; left: 0px;\">\n\t\t\t\n\t<style type=\"text\/css\">\n\t\t.slider-info-3564.bafg-slider-info .bafg-slider-title {\n\t\t\t\t\t\t\tfont-size:\n\t\t\t\t\t22px\t\t\t\t;\n\t\t\t\n\t\t\t\n\t\t\t\t\t}\n\n\t\t.slider-info-3564.bafg-slider-info .bafg-slider-description {\n\t\t\t\n\t\t\t\n\t\t\t\t\t}\n\t\t\n\t\t\n\t\t.slider-info-3564.bafg-slider-info .bafg_slider_readmore_button {\n\t\t\t\n\t\t\t\n\t\t\t\n\t\t\t\n\t\t\t\n\t\t\ttext-align: center;\n\n\t\t\t\n\t\t\t\n\t\t\t\n\t\t\t\n\t\t\t\t\t}\n\n\t\t.slider-info-3564.bafg-slider-info .bafg_slider_readmore_button:hover {\n\n\t\t\t\n\t\t\t\n\t\t\t\t\t}\n\t<\/style>\n\t\n\t\t\t<div class=\"bafg-twentytwenty-container slider-3564  \"\n\t\t\t\tbafg-orientation=\"horizontal\" bafg-default-offset=\"1\"\n\t\t\t\tbafg-before-label=\"Avant\"\n\t\t\t\tbafg-after-label=\"Apr\u00e8s\" bafg-overlay=\"1\"\n\t\t\t\tbafg-move-slider-on-hover=\"\"\n\t\t\t\tbafg-click-to-move=\"\">\n\n\t\t\t\t\t\t\t\t<img class=\"skip-lazy\" data-skip-lazy\t\t\t\t\tsrc=\"https:\/\/www.greenflore.fr\/wp-content\/uploads\/2025\/10\/03-Debrou-avant-retou-35.jpg\" alt=\"\">\n\t\t\t\t<img class=\"skip-lazy\" data-skip-lazy\t\t\t\t\tsrc=\"https:\/\/www.greenflore.fr\/wp-content\/uploads\/2025\/10\/03-Debrou-apres-retou-35.jpg\" alt=\"\">\n\n\t\t\t<\/div>\n\n\t\t\t\t<div class=\"bafg-slider-info-wraper\">\n\t\t<div style=\"\" class=\"slider-info-3564 bafg-slider-info\">\n\t\t\t\t\t\t\t<h2 class=\"bafg-slider-title\">D\u00e9couvrez notre travail<\/h2>\n\t\t\t\t\t\t\t\t<div class=\"bafg-slider-description\">\n\t\t\t\t\tFaites glisser le curseur pour voir le travail de nos \u00e9quipes\t\t\t\t<\/div>\n\t\t\t\t\t\t<\/div>\n\t<\/div>\n\t\n\t\t\t<style type=\"text\/css\">\n\t\t\t\t\t\t\t\t\t\t\t<\/style>\n\t\t\t<\/div><\/div> <\/div><\/div> <\/div><\/div>","protected":false},"excerpt":{"rendered":"<p>Un jardin en friche Nos \u00e9quipes s\u2019appliquent \u00e0 vous rendre un jardin toujours plus beau, m\u00eame lorsque vous l\u2019avez oubli\u00e9 un certain temps \u2026 Merci \u00e0 Marie, Serge et Fares pour leur efficacit\u00e9 AVANT &#8211; APRESUne cours jardin \u00e0 Villemomble AVANT-APRES Une cours jardin \u00e0 Villemomble AVANT &#8211; APRES Une cours jardin \u00e0 Villemomble<\/p>\n","protected":false},"author":1,"featured_media":393,"parent":0,"menu_order":0,"comment_status":"closed","ping_status":"closed","template":"pro\/page-templates\/full-width-page.php","meta":{"footnotes":""},"_links":{"self":[{"href":"https:\/\/www.greenflore.fr\/index.php?rest_route=\/wp\/v2\/pages\/2500"}],"collection":[{"href":"https:\/\/www.greenflore.fr\/index.php?rest_route=\/wp\/v2\/pages"}],"about":[{"href":"https:\/\/www.greenflore.fr\/index.php?rest_route=\/wp\/v2\/types\/page"}],"author":[{"embeddable":true,"href":"https:\/\/www.greenflore.fr\/index.php?rest_route=\/wp\/v2\/users\/1"}],"replies":[{"embeddable":true,"href":"https:\/\/www.greenflore.fr\/index.php?rest_route=%2Fwp%2Fv2%2Fcomments&post=2500"}],"version-history":[{"count":14,"href":"https:\/\/www.greenflore.fr\/index.php?rest_route=\/wp\/v2\/pages\/2500\/revisions"}],"predecessor-version":[{"id":3568,"href":"https:\/\/www.greenflore.fr\/index.php?rest_route=\/wp\/v2\/pages\/2500\/revisions\/3568"}],"wp:featuredmedia":[{"embeddable":true,"href":"https:\/\/www.greenflore.fr\/index.php?rest_route=\/wp\/v2\/media\/393"}],"wp:attachment":[{"href":"https:\/\/www.greenflore.fr\/index.php?rest_route=%2Fwp%2Fv2%2Fmedia&parent=2500"}],"curies":[{"name":"wp","href":"https:\/\/api.w.org\/{rel}","templated":true}]}}