{"id":519,"date":"2020-03-01T12:06:50","date_gmt":"2020-03-01T12:06:50","guid":{"rendered":"http:\/\/www.greenflore.com\/?page_id=519"},"modified":"2022-11-12T10:19:27","modified_gmt":"2022-11-12T10:19:27","slug":"nous-rejoindre","status":"publish","type":"page","link":"https:\/\/www.greenflore.fr\/?page_id=519","title":{"rendered":"Nous rejoindre"},"content":{"rendered":"<div  data-label=\"Features\" data-id=\"features--1\" data-export-id=\"features-12\" data-category=\"features\" class=\"features-12 content-section content-section-spacing\" id=\"features-1\" style=\"background-color: rgb(242, 249, 217); background-image: none;\"><div  class=\"gridContainer\"> <div  class=\"row text-center\"><div  class=\"section-title-col\" data-type=\"column\"> <h2  class=\"\">Vous souhaitez rejoindre l\u2019aventure GREENFLORE ?<\/h2> <p  class=\"lead\">Nous recrutons r\u00e9guli\u00e8rement des collaborateurs dans le domaine des espaces verts.<br >Vous pouvez nous adresser votre CV ainsi qu\u2019une lettre de motivation \u00e0 l\u2019adresse contact@greenflore.fr.<br >\n<span  style=\"font-weight: 600;\">Aucune demande ne sera trait\u00e9e par t\u00e9l\u00e9phone ou en vous d\u00e9pla\u00e7ant physiquement.<\/span><\/p><\/div> <\/div> <div  class=\"row spaced-cols\" data-type=\"row\"> <div  class=\"col-sm-6\"> <div  class=\"row space-bottom\"> <div  class=\"col-sm-fit icon-column\"> <i  class=\"fa icon fa-user bordered round color9\"><\/i> <\/div> <div  class=\"col-sm\" data-type=\"column\"> <h5  class=\"color2\"><span  style=\"color: rgb(132, 167, 114);\">UN STAGE<\/span><span  id=\"_mce_caret\" data-mce-bogus=\"1\" data-mce-type=\"format-caret\"><span  style=\"color: rgb(132, 167, 114);\">\ufeff<\/span><\/span><\/h5> <p  class=\"\">Si dans le cadre de votre formation en CAPA, BEPA, BP, BAC PRO, BTS, Am\u00e9nagements paysagers, si vous souhaitez effectuer un stage dans notre entreprise, faites une demande en ligne.\n<br >Participez \u00e0 l\u2019aventure GREENFLORE.&nbsp;<\/p><a class=\"button color9\" href=\"\/\/www.greenflore.com\/?page_id=1879\" target=\"_blank\" data-cp-link=\"1\" data-icon=\"\" rel=\"noopener\">Faire une demande en ligne<\/a><\/div> <\/div><\/div> <div  class=\"col-sm-6\"><div  class=\"row space-bottom\"> <div  class=\"col-sm-fit icon-column\"><i  class=\"fa icon fa-edit bordered round color9\"><\/i><\/div> <div  class=\"col-sm\" data-type=\"column\"><h5  class=\"color2\"><span  style=\"color: rgb(132, 167, 114);\">UN APPRENTISSAGE<\/span><\/h5> <p  class=\"\">Vous souhaitez suivre une formation en CAPA, BP, BAC PRO, BTS en am\u00e9nagements paysagers et vous souhaitez int\u00e9grer nos \u00e9quipes GREENFLORE par alternance.&nbsp;\n<br >C\u2019est par ici.&nbsp;<\/p><a class=\"button color9\" href=\"\/\/www.greenflore.com\/?page_id=1043\" target=\"_blank\" data-cp-link=\"1\" data-icon=\"\" rel=\"noopener\">Faire une demande en ligne<\/a><\/div> <\/div><\/div> <div  class=\"col-sm-6\"><div  class=\"row space-bottom\"> <div  class=\"col-sm-fit icon-column\"><i  class=\"fa icon fa-clipboard bordered round color9\"><\/i><\/div> <div  class=\"col-sm\" data-type=\"column\"><h5  class=\"color2\"><span  style=\"color: rgb(132, 167, 114);\">UN EMPLOI EN CDI<\/span><\/h5> <p  class=\"\">Vous \u00eates Titulaire d\u2019un dipl\u00f4me en am\u00e9nagements paysagers du CAPA au BTSA, et vous avez des connaissances et une sensibilit\u00e9 dans la gestion raisonn\u00e9e d\u2019un jardin. GREENFLORE vous attend.&nbsp;<\/p><a class=\"button color9\" href=\"#\" target=\"_self\" data-cp-link=\"1\" data-icon=\"\" rel=\"noopener\">Rejoignez l\u2019aventure GREENFLORE<\/a><\/div> <\/div><\/div> <div  class=\"col-sm-6\"><div  class=\"row space-bottom\"> <div  class=\"col-sm-fit icon-column\"><i  class=\"fa icon fa-calendar bordered round color9\"><\/i><\/div> <div  class=\"col-sm\" data-type=\"column\"><h5  class=\"color2\"><span  style=\"color: rgb(132, 167, 114);\">UN EMPLOI SAISONNIER<\/span><\/h5> <p  class=\"\">R\u00e9guli\u00e8rement nous recrutons des personnes pour venir nous soutenir dans les p\u00e9riodes charg\u00e9es. Vous serez les bienvenus dans les \u00e9quipes de terrain.\n<br >GREENFLORE.<\/p><a class=\"button color9\" href=\"#\" target=\"_self\" data-cp-link=\"1\" data-icon=\"\" rel=\"noopener\">Rejoindre l\u2019aventure GREENFLORE<\/a><\/div> <\/div><\/div> <\/div><\/div> <\/div><div  data-id=\"initial-content-section\" data-export-id=\"initial-content-section\" data-label=\"Initial Content\" id=\"initial-content-section\" class=\"content-section content-section-spacing\">\n   <div  class=\"gridContainer\">\n     <div  class=\"row\">\n\n        <div  class=\"col-xs-12 col-sm-12\">                <h2 ><strong >Vous recherchez un emploi en espaces verts !<br >\n<\/strong><\/h2>\n<p >Vous \u00eates&nbsp;Titulaire d\u2019un dipl\u00f4me en am\u00e9nagements paysagers du CAPA au BTSA, et vous avez des connaissances et une sensibilit\u00e9 dans la gestion raisonn\u00e9e d\u2019un jardin.<\/p>\n<p >Nous proposons r\u00e9guli\u00e8rement des emplois en CDI ou saisonniers pour effectuer des missions chez des particuliers. Vous rejoindrez nos \u00e9quipes et assurerez des travaux d\u2019entretien et de cr\u00e9ation dans le domaine des espaces verts. Les personnes disposant de comp\u00e9tences compl\u00e9mentaires dans des domaines tels que la menuiserie, la ma\u00e7onnerie, l\u2019\u00e9lectricit\u00e9 sont les bienvenues.<\/p>\n<blockquote ><p >Nous recrutons&nbsp;r\u00e9guli\u00e8rement des collaborateurs dans le domaine des espaces verts. Venez nous rejoindre.<\/p><\/blockquote>\n<p >Adressez-nous votre CV ainsi qu\u2019une lettre de motivation \u00e0 l\u2019adresse contact@greenflore.fr.<\/p>\n<h2 ><strong >Vous recherchez un stage dans le cadre de la pr\u00e9paration d\u2019un dipl\u00f4me !<br >\n<\/strong><\/h2>\n<p >Si dans le cadre de votre formation en CAPA, BEPA, BP, BAC PRO, BTS, \u2026 dans la fili\u00e8re Am\u00e9nagements paysagers, vous souhaitez effectuer un stage pour approfondir vos connaissances dans la cr\u00e9ation et l\u2019entretien de jardins \u00e9cologiques&nbsp;:<\/p>\n<blockquote ><p ><strong >Veuillez indiquer dans votre demande&nbsp;: le dipl\u00f4me pr\u00e9par\u00e9, la dur\u00e9e et les dates de stage, l\u2019\u00e9tablissement d\u2019origine ainsi que toute information compl\u00e9mentaire que vous jugerez utile.<\/strong><\/p><\/blockquote>\n<p >Vous pouvez adresser votre demande&nbsp; \u00e0 contact@greenflore.fr<br >\nAucune demande ne sera trait\u00e9e par t\u00e9l\u00e9phone ou en vous d\u00e9pla\u00e7ant physiquement.<\/p>\n\n          <\/div>\n      <\/div>\n  <\/div>\n<\/div>","protected":false},"excerpt":{"rendered":"<p>Vous souhaitez rejoindre l\u2019aventure GREENFLORE ? Nous recrutons r\u00e9guli\u00e8rement des collaborateurs dans le domaine des espaces verts.Vous pouvez nous adresser votre CV ainsi qu\u2019une lettre de motivation \u00e0 l\u2019adresse contact@greenflore.fr. Aucune demande ne sera trait\u00e9e par t\u00e9l\u00e9phone ou en vous d\u00e9pla\u00e7ant physiquement. UN STAGE\ufeff Si dans le cadre de votre formation en CAPA, BEPA, BP,&hellip; <br \/> <a class=\"read-more\" href=\"https:\/\/www.greenflore.fr\/?page_id=519\">Lire la suite<\/a><\/p>\n","protected":false},"author":1,"featured_media":524,"parent":0,"menu_order":0,"comment_status":"closed","ping_status":"closed","template":"pro\/page-templates\/full-width-page.php","meta":{"footnotes":""},"_links":{"self":[{"href":"https:\/\/www.greenflore.fr\/index.php?rest_route=\/wp\/v2\/pages\/519"}],"collection":[{"href":"https:\/\/www.greenflore.fr\/index.php?rest_route=\/wp\/v2\/pages"}],"about":[{"href":"https:\/\/www.greenflore.fr\/index.php?rest_route=\/wp\/v2\/types\/page"}],"author":[{"embeddable":true,"href":"https:\/\/www.greenflore.fr\/index.php?rest_route=\/wp\/v2\/users\/1"}],"replies":[{"embeddable":true,"href":"https:\/\/www.greenflore.fr\/index.php?rest_route=%2Fwp%2Fv2%2Fcomments&post=519"}],"version-history":[{"count":9,"href":"https:\/\/www.greenflore.fr\/index.php?rest_route=\/wp\/v2\/pages\/519\/revisions"}],"predecessor-version":[{"id":2370,"href":"https:\/\/www.greenflore.fr\/index.php?rest_route=\/wp\/v2\/pages\/519\/revisions\/2370"}],"wp:featuredmedia":[{"embeddable":true,"href":"https:\/\/www.greenflore.fr\/index.php?rest_route=\/wp\/v2\/media\/524"}],"wp:attachment":[{"href":"https:\/\/www.greenflore.fr\/index.php?rest_route=%2Fwp%2Fv2%2Fmedia&parent=519"}],"curies":[{"name":"wp","href":"https:\/\/api.w.org\/{rel}","templated":true}]}}