{"id":97,"date":"2020-02-11T20:10:29","date_gmt":"2020-02-11T20:10:29","guid":{"rendered":"http:\/\/www.greenflore.com\/?page_id=97"},"modified":"2021-12-15T16:58:25","modified_gmt":"2021-12-15T16:58:25","slug":"le-herisson","status":"publish","type":"page","link":"https:\/\/www.greenflore.fr\/?page_id=97","title":{"rendered":"Le h\u00e9risson"},"content":{"rendered":"<div  data-label=\"Portfolio\" data-id=\"portfolio--1\" data-export-id=\"portfolio-1\" data-category=\"portfolio\" class=\"portfolio-1 content-section content-section-spacing\" id=\"portfolio-1\" style=\"background-color: rgb(245, 250, 253);\"><div  class=\"gridContainer\"> <div  class=\"row text-center\"><div  class=\"section-title-col\" data-type=\"column\"> <h2  class=\"\">Comment sauver un h\u00e9risson, en image<\/h2> <p  class=\"lead\">Lors d\u2019un nettoyage de massif, nous d\u00e9couvrons un h\u00e9risson en pleine hibernation, il nous faut le sauver au plus vite, notre chef d\u2019\u00e9quipe Carl, construit une protection pour qu\u2019il puisse terminer sa longue nuit d\u2019hiver\u2026<\/p><\/div> <\/div> <div  data-type=\"row\" class=\"row spaced-cols\" data-fixed=\"true\"> <div  class=\"col-xs-12 col-sm-4\"> <div  class=\"contentswap-effect visible\" data-hover-fx=\"portfolio-1\"> <div  class=\"initial-image\"> <img decoding=\"async\"  data-size=\"500x333\" src=\"https:\/\/www.greenflore.fr\/wp-content\/uploads\/2021\/12\/cropped-Herisson-hiberne-01.png\"><\/div> <div  class=\"overlay\"><\/div> <div  class=\"swap-inner col-xs-12\"> <div  class=\"row full-height-row bottom-xs\"> <div  class=\"col-xs-12 color1 text-center content-holder\"> <h4  class=\"inverted font-500\">Un h\u00e9risson dans un massif<\/h4> <a href=\"#\" class=\"inverted italic p small\" target=\"_self\" data-cp-link=\"1\" rel=\"noopener\"><\/a><\/div> <\/div><\/div> <\/div><\/div> <div  class=\"col-xs-12 col-sm-4\"><div  class=\"contentswap-effect visible\" data-hover-fx=\"portfolio-1\"> <div  class=\"initial-image\"> <img decoding=\"async\"  data-size=\"500x333\" src=\"https:\/\/www.greenflore.fr\/wp-content\/uploads\/2021\/12\/cropped-Herisson-02.jpg\"><\/div> <div  class=\"overlay\"><\/div> <div  class=\"swap-inner col-xs-12\"> <div  class=\"row full-height-row bottom-xs\"> <div  class=\"col-xs-12 color1 text-center content-holder\"> <h4  class=\"inverted font-500\">On trouve un endroit adapt\u00e9 que l&rsquo;on pr\u00e9pare<\/h4> <a href=\"https:\/\/www.greenflore.fr?page_id=97\" class=\"inverted italic p small\" target=\"_self\" data-cp-link=\"1\" rel=\"noopener\"><\/a><\/div> <\/div><\/div> <\/div><\/div> <div  class=\"col-xs-12 col-sm-4\"><div  class=\"contentswap-effect visible\" data-hover-fx=\"portfolio-1\"> <div  class=\"initial-image\"> <img decoding=\"async\"  data-size=\"500x333\" src=\"https:\/\/www.greenflore.fr\/wp-content\/uploads\/2021\/12\/cropped-Herisson-hiberne-03.png\"><\/div> <div  class=\"overlay\"><\/div> <div  class=\"swap-inner col-xs-12\"> <div  class=\"row full-height-row bottom-xs\"> <div  class=\"col-xs-12 color1 text-center content-holder\"> <h4  class=\"inverted font-500\">On construit un abri en bois<\/h4> <a href=\"https:\/\/www.greenflore.fr?page_id=97\" class=\"inverted italic p small\" target=\"_self\" data-cp-link=\"1\" rel=\"noopener\"><\/a><\/div> <\/div><\/div> <\/div><\/div> <div  class=\"col-xs-12 col-sm-4\"><div  class=\"contentswap-effect visible\" data-hover-fx=\"portfolio-1\"> <div  class=\"initial-image\"> <img decoding=\"async\"  data-size=\"500x333\" src=\"https:\/\/www.greenflore.fr\/wp-content\/uploads\/2021\/12\/cropped-Herisson-hiberne-04.png\"><\/div> <div  class=\"overlay\"><\/div> <div  class=\"swap-inner col-xs-12\"> <div  class=\"row full-height-row bottom-xs\"> <div  class=\"col-xs-12 color1 text-center content-holder\"> <h4  class=\"inverted font-500\">On place de l\u2019h\u00e9risson dans sa nouvelle maison sur un matelas de feuilles<\/h4> <a href=\"#\" class=\"inverted italic p small\" target=\"_self\" data-cp-link=\"1\" rel=\"noopener\"><\/a><\/div> <\/div><\/div> <\/div><\/div> <div  class=\"col-xs-12 col-sm-4\"><div  class=\"contentswap-effect visible\" data-hover-fx=\"portfolio-1\"> <div  class=\"initial-image\"> <img decoding=\"async\"  data-size=\"500x333\" src=\"https:\/\/www.greenflore.fr\/wp-content\/uploads\/2021\/12\/cropped-Herisson-hiberne-05.png\"><\/div> <div  class=\"overlay\"><\/div> <div  class=\"swap-inner col-xs-12\"> <div  class=\"row full-height-row bottom-xs\"> <div  class=\"col-xs-12 color1 text-center content-holder\"> <h4  class=\"inverted font-500\">On fabrique un toit pour le prot\u00e9ger<\/h4> <a href=\"https:\/\/www.greenflore.fr?page_id=97\" class=\"inverted italic p small\" target=\"_self\" data-cp-link=\"1\" rel=\"noopener\"><\/a><\/div> <\/div><\/div> <\/div><\/div> <div  class=\"col-xs-12 col-sm-4\"><div  class=\"contentswap-effect visible\" data-hover-fx=\"portfolio-1\"> <div  class=\"initial-image\"> <img decoding=\"async\"  data-size=\"500x333\" src=\"https:\/\/www.greenflore.fr\/wp-content\/uploads\/2021\/12\/cropped-Herisson-hiberne-06.png\"><\/div> <div  class=\"overlay\"><\/div> <div  class=\"swap-inner col-xs-12\"> <div  class=\"row full-height-row bottom-xs\"> <div  class=\"col-xs-12 color1 text-center content-holder\"> <h4  class=\"inverted font-500\">On couvre l\u2019abri avec des feuilles<\/h4> <a href=\"https:\/\/www.greenflore.fr?page_id=97\" class=\"inverted italic p small\" target=\"_self\" data-cp-link=\"1\" rel=\"noopener\"><\/a><\/div> <\/div><\/div> <\/div><\/div> <\/div><\/div> <\/div><div  data-label=\"About\" data-id=\"about--1\" data-export-id=\"about-2\" data-category=\"about\" class=\"about-2 content-section content-section-spacing\" id=\"about-1\" style=\"background-color: rgb(245, 250, 253);\"><div  class=\"gridContainer\"> <div  class=\"row\"><div  class=\"col-sm-6 no-gutter-col flexbox-strech center-xs middle-xs\"> <div  class=\"lightbox-video dark-overlay shadow-large overlap-right-large flexbox middle-xs center-xs\" data-type=\"group\" data-bg=\"image\" style=\"background-image: url(&quot;https:\/\/www.greenflore.fr\/wp-content\/uploads\/2020\/02\/cropped-h\u00e9risson-taille-r\u00e9duite.jpg&quot;);\"> <a  data-fancybox=\"\" data-video-lightbox=\"true\" href=\"https:\/\/youtu.be\/V60vEZPTHZc\" class=\"\"> <i  data-cp-fa=\"true\" class=\"fa video-icon fa-play-circle-o color7\"><\/i><\/a> <\/div><\/div> <div  class=\"col-sm-6 space-bottom-xs col-padding-small-xs col-sm-padding-large white-text content-col bg-color5\" data-type=\"column\"><h5  class=\"\">Fable<\/h5> <h2  class=\"\">Le repas du renard et du h\u00e9risson<\/h2> <p  class=\"\">Cette histoire pourrait \u00eatre une fable si par une nuit de printemps notre cam\u00e9ra n\u2019avait surpris ces deux animaux qui au sortir d\u2019une hibernation ne s\u2019\u00e9taient pr\u00e9cipit\u00e9s, affam\u00e9s, sur des croquettes d\u00e9pos\u00e9es pour eux dans un jardin proche de Paris.&nbsp;<\/p><\/div> <\/div><\/div> <\/div><div  data-label=\"Counters\" data-id=\"counters--1\" data-export-id=\"counters-2\" data-category=\"counters\" class=\"counters-2 content-section content-section-spacing\" id=\"counters-1\" style=\"background-color: rgb(255, 255, 255); background-image: none;\"><div  class=\"gridContainer\"> <div  class=\"row text-center\"><div  class=\"section-title-col\" data-type=\"column\"> <h2  class=\"\" style=\"text-align: left;\"><span  style=\"font-weight: 700;\">Le h\u00e9risson est menac\u00e9 !<\/span><span  id=\"_mce_caret\" data-mce-bogus=\"1\" data-mce-type=\"format-caret\"><span  style=\"font-weight: 700;\">\ufeff<\/span><\/span><\/h2> <p  class=\"lead\" style=\"text-align: left;\"><span  style=\"font-weight: 300;\">Si nous ne modifions pas nos habitudes de jardinage, on estime que d\u2019ici 2030 le h\u00e9risson aura totalement disparu de nos jardins.\n<\/span><br ><span  style=\"font-weight: 700;\">Une situation alarmante :\n<\/span><br ><span  style=\"font-weight: 400;\">En 20 ans la population de h\u00e9rissons en France a chut\u00e9 de 70%.<\/span><\/p><\/div> <\/div> <div  class=\"row\" data-type=\"row\"> <div  class=\"col-xs-12 col-sm-4 text-center space-bottom\">  <h3  class=\"font-400\" data-min=\"0\" data-max=\"6\" data-duration=\"2000\" data-prefix=\"\" data-suffix=\"%\" data-countup=\"true\" style=\"display: inline-block;\"><\/h3> <h5  class=\"upper color2\"><span  style=\"color: rgb(255, 152, 0);\">Des h\u00e9rissons sont victimes des tondeuses ou des d\u00e9broussailleuses.&nbsp;<\/span><\/h5><\/div> <div  class=\"col-xs-12 col-sm-4 text-center space-bottom\"> <h3  class=\"font-400\" data-min=\"0\" data-max=\"23\" data-duration=\"2000\" data-prefix=\"\" data-suffix=\"%\" data-countup=\"true\" style=\"display: inline-block;\"><\/h3> <h5  class=\"upper color2\"><span  style=\"color: rgb(255, 152, 0);\">des h\u00e9rissons meurent par l\u2019utilisation des pesticides<\/span><\/h5><h6  class=\"\"><span  style=\"font-weight: 300;\">* Notamment le m\u00e9taldehyde qui est le produit utilis\u00e9 comme anti-limace, il est tr\u00e8s dangereux pour le chien, le chat, et le h\u00e9risson<\/span><span  id=\"_mce_caret\" data-mce-bogus=\"1\" data-mce-type=\"format-caret\"><span  style=\"font-weight: 300;\">\ufeff<\/span><\/span><\/h6><\/div> <div  class=\"col-xs-12 col-sm-4 text-center space-bottom\"> <h3  class=\"font-400\" data-min=\"0\" data-max=\"90\" data-duration=\"2000\" data-prefix=\"\" data-suffix=\"%\" data-countup=\"true\" style=\"display: inline-block;\"><\/h3> <h5  class=\"upper color2\"><span  style=\"color: rgb(255, 152, 0);\">Des h\u00e9rissons meurent par ou \u00e0 cause de l\u2019homme<\/span><\/h5><\/div> <\/div><\/div> <\/div><div  data-label=\"Features\" data-id=\"features--1\" data-export-id=\"features-6\" data-category=\"features\" class=\"features-6 content-section-spacing\" id=\"features-1\" style=\"background-color: rgb(245, 250, 253);\"><div  class=\"gridContainer\"> <div  class=\"row text-center\"><div  class=\"section-title-col\" data-type=\"column\">  <p  class=\"lead\">Si nous dressons ici ce constat c\u2019est parce qu\u2019en sp\u00e9cialiste des jardins, nous avons le devoir de vous alerter sur la bonne conduite \u00e0 tenir.\n<br ><span  style=\"font-weight: 400;\">Des id\u00e9es re\u00e7ues<\/span> : Les parasites du h\u00e9risson, comme les puces, ne sont pas plus transmissibles au chat et au chien qu\u2019\u00e0 l\u2019homme. Vous n\u2019avez rien \u00e0 craindre.<br >\n<br ><span  style=\"font-weight: 700;\">Un auxiliaire des jardins tr\u00e8s pr\u00e9cieux  !<\/span><br >\n<br >Le h\u00e9risson est l\u2019ami du jardinier celui-ci d\u00e9barrasse, en effet, le jardin des insectes et des petits animaux nuisibles. Le h\u00e9risson r\u00e9gule entre autres le nombre de limaces qui auraient tendance \u00e0 \u00eatre en surpopulation en son absence.<\/p><\/div> <\/div> <div  data-type=\"row\" class=\"row space-bottom\"> <div  class=\"col-xs-12 col-sm-4 col-padding-small-xs col-md-6 \"> <div  class=\"row\"> <div  class=\"col-xs-fit\"> <p  class=\"oval color2\">1<\/p><\/div> <div  class=\"col-xs left-text\" data-type=\"column\"><h4  class=\"color2\">Pourquoi cette situation :<span  id=\"_mce_caret\" data-mce-bogus=\"1\" data-mce-type=\"format-caret\"><span  style=\"color: rgb(132, 167, 114);\">\ufeff<\/span><\/span><\/h4> <p  class=\"\">La suppression des haies bocag\u00e8res, la d\u00e9forestation, la culture intensive et l\u2019utilisation de pesticides ont depuis plusieurs ann\u00e9es contraint les h\u00e9rissons \u00e0 trouver refuge dans nos jardins.\n\n<br ><br >Mais nos jardins ne sont pas des lieux accueillants pour autant. Les anti limaces, les chiens, les nettoyages exag\u00e9r\u00e9s des haies et la mauvaise utilisation des machines sont autant de menaces pour le h\u00e9risson.<\/p><\/div> <\/div><\/div> <div  class=\"col-xs-12 col-sm-4 col-padding-small-xs col-md-6 \"><div  class=\"row\"> <div  class=\"col-xs-fit\"><p  class=\"oval color2\">2<\/p><\/div> <div  class=\"col-xs left-text\" data-type=\"column\"><h4  class=\"color2\">Ce que vous pouvez faire, ce que vous devez faire !<\/h4> <p  class=\"\">Am\u00e9nagez des zones refuges pour le h\u00e9risson en laissant des tapis de feuilles au pied de vos haies, bannissez l\u2019utilisation de pesticides dans votre jardin, en \u00e9t\u00e9 laissez des coupelles d\u2019eau la nuit pour qu\u2019il puisse boire\u2026.\n<br ><br >\n<br >Si vous apercevez un h\u00e9risson en plein jour, ce n\u2019est pas normal, il est d\u00e9sorient\u00e9 ou a \u00e9t\u00e9 probablement chass\u00e9 de son habitat, il prend alors le risque de se faire attaquer par des mouches qui pondent des \u0153ufs entre ses piquants, le condamnant ainsi.  D\u00e9posez-le sous des arbustes et couvrez-le de feuilles. S\u2019il fait chaud, vous pouvez lui mettre \u00e0 disposition une coupelle d\u2019eau.<\/p><\/div> <\/div><\/div>  <\/div> <div  class=\"row\"> <div  data-type=\"column\" class=\"col-xs-12 text-center\"> <\/div> <\/div><\/div> <\/div><div  data-label=\"Features\" data-id=\"features--2\" data-export-id=\"features-6\" data-category=\"features\" class=\"features-6 content-section-spacing\" id=\"features-2\" style=\"background-color: rgb(255, 255, 255);\"><div  class=\"gridContainer\"> <div  class=\"row text-center\"><div  class=\"section-title-col\" data-type=\"column\"> <h2  class=\"\">Nos engagements !<\/h2> <p  class=\"lead\">Greenflore sensibilise constamment ses jardiniers \u00e0 prot\u00e9ger les h\u00e9rissons. Nous \u00e9vitons par exemple que nos machines perturbent la tranquillit\u00e9 du h\u00e9risson, car un h\u00e9risson d\u00e9log\u00e9 de force de son habitat naturel en plein jour est condamn\u00e9. Nous pr\u00e9servons des zones refuges pour le h\u00e9risson dans le jardin (pieds de haie) et lorsque vous avez un chien (susceptible d\u2019attaquer les h\u00e9rissons), nous r\u00e9alisons pour vous, avec votre accord, une cabane \u00e0 h\u00e9risson, afin qu\u2019une femelle h\u00e9risson puisse faire ses petits et prot\u00e9ger sa prog\u00e9niture.\n<br >Greenflore n\u2019utilise jamais de pesticide.<br >\n<br >Greenflore s\u2019engage \u00e0 sensibiliser les utilisateurs de jardin \u00e0 la cause du h\u00e9risson.<br >\n<br ><br >\n<br >Chez Greenflore nous estimons sauver quelques 50 h\u00e9rissons par an, par nos actions de sensibilisation et par l\u2019utilisation de pratiques maitris\u00e9es et diff\u00e9rentes des entreprises traditionnelles du paysage. Nous souhaiterions voir ce chiffre doubler d\u2019ici 2025<br >\n<br ><br >\n<br >Pour en savoir plus : Un article sur France Info et un reportage vid\u00e9o de BFMTV.<\/p><a class=\"link\" href=\"https:\/\/www.francetvinfo.fr\/animaux\/comment-vous-pouvez-encore-sauver-le-herisson-menace-par-les-pesticides-et-les-tondeuses-a-gazon_2471068.html\/#xtor=CS1-746\" target=\"_blank\" data-cp-link=\"1\" rel=\"noopener noreferrer\">Cliquez-ici<\/a><\/div> <\/div> <div  data-type=\"row\" class=\"row space-bottom\"> <div  class=\"col-xs-12 col-sm-4 col-padding-small-xs col-md-12 \"> <div  class=\"row\"> <div  class=\"col-xs-fit\" data-preview-empty=\"1\"> <\/div> <div  class=\"col-xs left-text\" data-type=\"column\"><h4  class=\"color2\">\n<br ><br ><span  style=\"color: rgb(251, 192, 45);\">Ce que dit la loi :<\/span><\/h4> <p  class=\"\">Le h\u00e9risson est prot\u00e9g\u00e9 par un arr\u00eat\u00e9 du 23 avril 2007 (ant\u00e9rieurement l\u2019arr\u00eat\u00e9 du 17 avril 1981), il est prot\u00e9g\u00e9 dans toute la Communaut\u00e9 Europ\u00e9enne, il est interdit de le d\u00e9truire, de le transporter, de le naturaliser, de le mettre en vente en application des articles L. 411-1, L. 411-2 du Code de l\u2019environnement. L\u2019article L. 415-3 de ce m\u00eame code pr\u00e9voit une peine pouvant aller jusqu\u2019\u00e0 un an d\u2019emprisonnement et 15000\u20ac d\u2019amende, etc\u2026<\/p><\/div> <\/div><\/div>   <\/div> <div  class=\"row\"> <div  data-type=\"column\" class=\"col-xs-12 text-center\"> <\/div> <\/div><\/div> <\/div>","protected":false},"excerpt":{"rendered":"<p>Comment sauver un h\u00e9risson, en image Lors d\u2019un nettoyage de massif, nous d\u00e9couvrons un h\u00e9risson en pleine hibernation, il nous faut le sauver au plus vite, notre chef d\u2019\u00e9quipe Carl, construit une protection pour qu\u2019il puisse terminer sa longue nuit d\u2019hiver\u2026 Un h\u00e9risson dans un massif On trouve un endroit adapt\u00e9 que l&rsquo;on pr\u00e9pare On&hellip; <br \/> <a class=\"read-more\" href=\"https:\/\/www.greenflore.fr\/?page_id=97\">Lire la suite<\/a><\/p>\n","protected":false},"author":1,"featured_media":448,"parent":0,"menu_order":0,"comment_status":"closed","ping_status":"closed","template":"pro\/page-templates\/full-width-page.php","meta":{"footnotes":""},"_links":{"self":[{"href":"https:\/\/www.greenflore.fr\/index.php?rest_route=\/wp\/v2\/pages\/97"}],"collection":[{"href":"https:\/\/www.greenflore.fr\/index.php?rest_route=\/wp\/v2\/pages"}],"about":[{"href":"https:\/\/www.greenflore.fr\/index.php?rest_route=\/wp\/v2\/types\/page"}],"author":[{"embeddable":true,"href":"https:\/\/www.greenflore.fr\/index.php?rest_route=\/wp\/v2\/users\/1"}],"replies":[{"embeddable":true,"href":"https:\/\/www.greenflore.fr\/index.php?rest_route=%2Fwp%2Fv2%2Fcomments&post=97"}],"version-history":[{"count":29,"href":"https:\/\/www.greenflore.fr\/index.php?rest_route=\/wp\/v2\/pages\/97\/revisions"}],"predecessor-version":[{"id":1667,"href":"https:\/\/www.greenflore.fr\/index.php?rest_route=\/wp\/v2\/pages\/97\/revisions\/1667"}],"wp:featuredmedia":[{"embeddable":true,"href":"https:\/\/www.greenflore.fr\/index.php?rest_route=\/wp\/v2\/media\/448"}],"wp:attachment":[{"href":"https:\/\/www.greenflore.fr\/index.php?rest_route=%2Fwp%2Fv2%2Fmedia&parent=97"}],"curies":[{"name":"wp","href":"https:\/\/api.w.org\/{rel}","templated":true}]}}