{"id":98,"date":"2020-02-11T20:10:29","date_gmt":"2020-02-11T20:10:29","guid":{"rendered":"http:\/\/www.greenflore.com\/?page_id=98"},"modified":"2020-07-02T08:57:22","modified_gmt":"2020-07-02T08:57:22","slug":"leau","status":"publish","type":"page","link":"https:\/\/www.greenflore.fr\/?page_id=98","title":{"rendered":"L&rsquo;eau"},"content":{"rendered":"<div  data-label=\"Overlappable\" data-id=\"overlappable--2\" data-export-id=\"overlappable-1\" data-category=\"overlappable\" class=\"overlappable-1 content-section content-section-spacing\" data-overlap=\"true\" id=\"overlappable-2\" style=\"background-color: rgb(255, 255, 255);\"><div  class=\"gridContainer\"> <div  data-type=\"row\" class=\"row shadow-medium\"><div  data-type=\"column\" class=\"col-xs-12 col-sm-4 flexcol bg-color-white col-padding col-padding-small-xs col-md-12\">   <p  class=\"\"><span  style=\"font-weight: 700;\">Chez Greenflore nous agissons!<\/span><\/p> <p  class=\"lead\">L\u2019eau est pr\u00e9cieuse, nous devons ma\u00eetriser son utilisation. Dans un jardin, comme ailleurs, la gestion de l\u2019eau est une question de bons gestes.<\/p><p  class=\"lead\">Greenflore s\u2019engage \u00e0 lutter contre le gaspillage de l\u2019eau dans les jardins et terrasses, nous sensibilisons les particuliers \u00e0 la maitrise de l\u2019eau en mettant en \u0153uvre des techniques responsables.<\/p><p  class=\"lead\">Quelques pratiques \u00e0 privil\u00e9gier :<\/p><p  class=\"\"><span  style=\"font-weight: 400;\">\u2013 R\u00e9cup\u00e9rer l\u2019eau de pluie pour arroser.\n<\/span><br ><span  style=\"font-weight: 400;\">\u2013 Choisir des plantes sous consommatrices d\u2019eau adapt\u00e9es \u00e0 l\u2019environnement et au sol.&nbsp;\n<\/span><br ><span  style=\"font-weight: 400;\">\u2013 Apprendre \u00e0 vivre autrement le jardin.\n<\/span><br ><span  style=\"font-weight: 400;\">\u2013 Diminuer les zones tr\u00e8s consomatrice d\u2019eau (pelouse).\n<\/span><br ><span  style=\"font-weight: 400;\">\u2013 Choisir des techniques \u00e9co-responsables dans la gestion de l\u2019eau (paillage).\n<\/span><br ><span  style=\"font-weight: 400;\">\u2013 Entretenir r\u00e9guli\u00e8rement le sol en surface (binage).&nbsp;\n<\/span><br ><span  style=\"font-weight: 400;\">\u2013 Installer des syst\u00e8mes d\u2019arrosage maitrisant la quantit\u00e9 d\u2019eau apport\u00e9e.&nbsp;<\/span><\/p><p  class=\"lead\"><span  style=\"font-weight: 700;\">Un binage vaut deux arrosages, nous n\u2019avons rien invent\u00e9 !<\/span><\/p><p  class=\"\">Ce dicton, souvent utilis\u00e9 pour nos jardins est vrai.<\/p><p  class=\"\">L\u2019eau du sol remonte r\u00e9guli\u00e8rement \u00e0 la surface pour permettre aux racines des plantes de la capter au passage. En \u00e9t\u00e9, l\u2019eau qui n\u2019est pas pr\u00e9lev\u00e9e par la plante s\u2019\u00e9vaporera au contact du sol, c\u2019est du g\u00e2chis.<\/p><p  class=\"\">Cette remont\u00e9e se fait par les \u00ab faisceaux capillaires \u00bb qui se forment entre les \u00e9l\u00e9ments fins du sol (grains de sable, d\u2019humus, \u2026) appel\u00e9s agr\u00e9gats.<\/p><p  class=\"\">Le binage casse la cro\u00fbte du sol, coupe les faisceaux capillaires, l\u2019eau ne remonte plus. Il n\u2019y a plus d\u2019\u00e9vaporation du sol.<\/p><p  class=\"\">Le binage permet donc de conserver une quantit\u00e9 d\u2019eau dans le sol et \u00e9vite ainsi des arrosages compensatoires.  Un sol tass\u00e9 perdra entre 2 fois et 4 fois plus d\u2019eau qu\u2019un sol maintenu meuble ou sous couvert v\u00e9g\u00e9tal.<\/p><\/div>   <\/div><\/div> <\/div><div  data-label=\"Features\" data-id=\"features--1\" data-export-id=\"features-12\" data-category=\"features\" class=\"features-12 content-section content-section-spacing\" id=\"features-1\" style=\"background-color: rgb(255, 255, 255); background-image: none;\"><div  class=\"gridContainer\"> <div  class=\"row text-center\"><div  class=\"section-title-col\" data-type=\"column\"> <h2  class=\"\">Petit rappel sur les mouvements de l\u2019eau dans le sol !<\/h2> <\/div> <\/div> <div  class=\"row spaced-cols\" data-type=\"row\"> <div  class=\"col-sm-6 col-md-12 \"> <div  class=\"row space-bottom\"> <div  class=\"col-sm-fit icon-column\" data-preview-empty=\"1\">  <\/div> <div  class=\"col-sm\" data-type=\"column\">  <p  class=\"lead\"><span  style=\"font-weight: 600;\">L\u2019EAU GRAVITAIRE<\/span><\/p><p  class=\"\">Qui circule librement dans le sol, c\u2019est l\u2019eau qui ruisselle sur les terrains en pente, qui forme des flaques, qui s\u2019\u00e9vapore en \u00e9t\u00e9 et que l\u2019on voit lorsque le sol est gorg\u00e9 d\u2019eau.<\/p><\/div> <\/div><\/div> <div  class=\"col-sm-6 col-md-12 \"><div  class=\"row space-bottom\"> <div  class=\"col-sm-fit icon-column\" data-preview-empty=\"1\"><\/div> <div  class=\"col-sm\" data-type=\"column\"> <p  class=\"lead\"><span  style=\"font-weight: 600;\">L\u2019EAU DE RETENTION CAPILLAIRE<\/span><\/p><p  class=\"\">C\u2019est l\u2019eau directement assimilable pour les plantes, cette eau est pr\u00e9cieuse pour le jardinier.<\/p><\/div> <\/div><\/div> <div  class=\"col-sm-6 col-md-12 \"><div  class=\"row space-bottom\"> <div  class=\"col-sm-fit icon-column\" data-preview-empty=\"1\"><\/div> <div  class=\"col-sm\" data-type=\"column\"> <p  class=\"lead\"><span  style=\"font-weight: 600;\">L\u2019EAU LIEE<\/span><\/p><p  class=\"\">C\u2019est l\u2019eau qui reste dans le sol, elle se trouve pi\u00e9g\u00e9e par l\u2019argile qui a un tr\u00e8s fort pouvoir de r\u00e9tention en eau.<\/p><\/div> <\/div><\/div>  <\/div><\/div> <\/div><div  data-label=\"Overlappable\" data-id=\"overlappable--1\" data-export-id=\"overlappable-4\" data-category=\"overlappable\" class=\"overlappable-4 content-section content-section-spacing\" data-overlap=\"true\" id=\"overlappable-1\" style=\"background-color: rgb(255, 255, 255);\"><div  class=\"gridContainer\"> <div  data-type=\"row\" class=\"row spaced-cols text-center\"><div  class=\"col-xs-12 col-sm-4 col-padding\"> <i  class=\"fa icon shadow-large-black aligncenter fa-bitbucket reverse round large color9\"><\/i> <div  data-type=\"column\" class=\"\"> <h5  class=\"\"><span  style=\"font-weight: 900;\">1<\/span><\/h5> <p  class=\"\">On plonge une \u00e9ponge dans une bassine d\u2019eau, on sort l\u2019\u00e9ponge et on la place au-dessus d\u2019un autre r\u00e9cipient :<\/p><p  class=\"\">L\u2019eau qui s\u2019\u00e9coule s\u2019appelle<\/p><p  class=\"lead\"><span  style=\"font-weight: 600;\">\u00ab eau gravitaire \u00bb.<\/span><\/p><p  class=\"\">Nous laissons s\u2019\u00e9couler toute l\u2019eau.<\/p><\/div> <\/div> <div  class=\"col-xs-12 col-sm-4 col-padding\"> <i  class=\"fa icon shadow-large-black aligncenter fa-tint reverse round large color9\"><\/i> <div  data-type=\"column\" class=\"\"><h5  class=\"\">2<\/h5> <p  class=\"\">On presse ensuite cette \u00e9ponge au-dessus d\u2019un autre r\u00e9cipient. L\u2019eau qui s\u2019en \u00e9coule s\u2019appelle<\/p><p  class=\"lead\"><span  style=\"font-weight: 600;\">\u00ab eau de r\u00e9tention capillaire \u00bb.<\/span><\/p><\/div> <\/div> <div  class=\"col-xs-12 col-sm-4 col-padding\"> <i  class=\"fa icon shadow-large-black aligncenter fa-flask reverse round large color9\"><\/i> <div  data-type=\"column\" class=\"\"><h5  class=\"\">3<\/h5> <p  class=\"\">Nous remarquons ensuite que l\u2019\u00e9ponge est encore humide, elle contient de l\u2019eau qui n\u2019est pas r\u00e9cup\u00e9rable.\n<\/p><p  class=\"\">Cette eau retenue est appel\u00e9e<\/p><p  class=\"lead\"><span  style=\"font-weight: 600;\">\u00ab eau li\u00e9e \u00bb.<\/span><\/p><\/div> <\/div><\/div> <\/div><\/div><div  data-label=\"Features\" data-id=\"features--2\" data-export-id=\"features-13-card-bordered\" data-category=\"features\" class=\"features-13 content-section content-section-spacing\" id=\"features-2\" style=\"background-color: rgba(167, 208, 145, 0.404); background-image: none;\" data-section-ov=\"1\"><div  class=\"gridContainer\"> <div  class=\"row text-center\"><div  class=\"section-title-col\" data-type=\"column\">  <p  class=\"lead\">Lorsqu\u2019\u00e0 la deuxi\u00e8me \u00e9tape nous pressons l\u2019\u00e9ponge, nous reproduisons par ce geste la capacit\u00e9 racinaire d\u2019une plante \u00e0 puiser l\u2019eau du sol.<\/p><\/div> <\/div> <div  class=\"row spaced-cols content-center-sm\" data-type=\"row\"> <div  class=\"col-sm-4 col-md-12 \"> <div  class=\"card bordered y-move\" data-type=\"column\">   <p  class=\"\"><span  style=\"font-weight: 600;\">Le point de fl\u00e9trissement d\u2019une plante : C\u2019est lorsque la force de succion racinaire d\u2019une plante est inf\u00e9rieure \u00e0 la force de r\u00e9tention en eau du sol. Ce m\u00e9canisme s\u2019explique lorsque l\u2019eau contenue dans l\u2019\u00e9ponge n\u2019est pas utilisable.<\/span><\/p> <\/div> <\/div>  <\/div> <\/div><\/div><div  data-label=\"Features\" data-id=\"features--3\" data-export-id=\"features-13-card-bordered\" data-category=\"features\" class=\"features-13 content-section content-section-spacing\" id=\"features-3\" style=\"background-color: rgba(167, 208, 145, 0.404); background-image: none;\"><div  class=\"gridContainer\"> <div  class=\"row text-center\"><div  class=\"section-title-col\" data-type=\"column\"> <h2  class=\"\">En r\u00e9sum\u00e9<\/h2> <p  class=\"lead\">Lorsque l\u2019eau gravitaire quitte le sol (par ruissellement, par \u00e9vaporation, \u2026) l\u2019eau contenue alors dans le sol se trouve sous deux \u00e9tats :\n<br >\u2013 L\u2019eau utilisable pour la plante et qui remonte continuellement par les faisceaux capillaires et s\u2019\u00e9vapore.\n<br >\u2013 L\u2019eau non utilisable par la plante parce qu\u2019elle est pi\u00e9g\u00e9e dans le sol notamment par l\u2019argile.&nbsp;<\/p><\/div> <\/div> <div  class=\"row spaced-cols content-center-sm\" data-type=\"row\"> <div  class=\"col-sm-4 col-md-12 \"> <div  class=\"card bordered y-move\" data-type=\"column\">   <p  class=\"\">Le jardinier peut donc agir en pr\u00e9servant l\u2019eau du sol et en raisonnant son apport.<\/p> <\/div> <\/div>  <\/div> <\/div><\/div>","protected":false},"excerpt":{"rendered":"<p>Chez Greenflore nous agissons! L\u2019eau est pr\u00e9cieuse, nous devons ma\u00eetriser son utilisation. Dans un jardin, comme ailleurs, la gestion de l\u2019eau est une question de bons gestes.Greenflore s\u2019engage \u00e0 lutter contre le gaspillage de l\u2019eau dans les jardins et terrasses, nous sensibilisons les particuliers \u00e0 la maitrise de l\u2019eau en mettant en \u0153uvre des techniques&hellip; <br \/> <a class=\"read-more\" href=\"https:\/\/www.greenflore.fr\/?page_id=98\">Lire la suite<\/a><\/p>\n","protected":false},"author":1,"featured_media":193,"parent":0,"menu_order":0,"comment_status":"closed","ping_status":"closed","template":"pro\/page-templates\/full-width-page.php","meta":{"footnotes":""},"_links":{"self":[{"href":"https:\/\/www.greenflore.fr\/index.php?rest_route=\/wp\/v2\/pages\/98"}],"collection":[{"href":"https:\/\/www.greenflore.fr\/index.php?rest_route=\/wp\/v2\/pages"}],"about":[{"href":"https:\/\/www.greenflore.fr\/index.php?rest_route=\/wp\/v2\/types\/page"}],"author":[{"embeddable":true,"href":"https:\/\/www.greenflore.fr\/index.php?rest_route=\/wp\/v2\/users\/1"}],"replies":[{"embeddable":true,"href":"https:\/\/www.greenflore.fr\/index.php?rest_route=%2Fwp%2Fv2%2Fcomments&post=98"}],"version-history":[{"count":30,"href":"https:\/\/www.greenflore.fr\/index.php?rest_route=\/wp\/v2\/pages\/98\/revisions"}],"predecessor-version":[{"id":1040,"href":"https:\/\/www.greenflore.fr\/index.php?rest_route=\/wp\/v2\/pages\/98\/revisions\/1040"}],"wp:featuredmedia":[{"embeddable":true,"href":"https:\/\/www.greenflore.fr\/index.php?rest_route=\/wp\/v2\/media\/193"}],"wp:attachment":[{"href":"https:\/\/www.greenflore.fr\/index.php?rest_route=%2Fwp%2Fv2%2Fmedia&parent=98"}],"curies":[{"name":"wp","href":"https:\/\/api.w.org\/{rel}","templated":true}]}}