{"id":99,"date":"2020-02-11T20:10:29","date_gmt":"2020-02-11T20:10:29","guid":{"rendered":"http:\/\/www.greenflore.com\/?page_id=99"},"modified":"2023-06-24T00:02:14","modified_gmt":"2023-06-24T00:02:14","slug":"les-plantes","status":"publish","type":"page","link":"https:\/\/www.greenflore.fr\/?page_id=99","title":{"rendered":"Les plantes"},"content":{"rendered":"<h1><strong>Les v\u00e9g\u00e9taux, une histoire de choix !<br \/>\n<\/strong><\/h1>\n<p>Implanter des v\u00e9g\u00e9taux adapt\u00e9s \u00e0 leur environnement est une attitude responsable dans la gestion d&rsquo;un jardin.<\/p>\n<p>Planter un saule pleureur (adapt\u00e9 en sol humide) sur un terrain sec est tout aussi aberrant que planter un Olivier (plante du bassin m\u00e9diterran\u00e9en) dans une r\u00e9gion froide. Ces deux arbres demanderaient beaucoup de moyens pour les maintenir en vie. (Arrosage excessif pour le premier et \u00ab\u00a0chaussette\u00a0\u00bb hivernale pour le second).<\/p>\n<blockquote><p><strong>Maitriser l&rsquo;utilisation de l&rsquo;eau dans le jardin, c&rsquo;est avant tout un bon choix de plante.<br \/>\n<\/strong><\/p><\/blockquote>\n<p>Depuis trop longtemps, la palette v\u00e9g\u00e9tale utilis\u00e9e dans les jardins \u00e9tait assez pauvre et il n&rsquo;est pas rare de voir encore des jardiniers am\u00e9nager des jardins en plantant des v\u00e9g\u00e9taux qui ne sont pas r\u00e9ellement adapt\u00e9s au milieu.<\/p>\n<p>Le thuya dont la taille adulte peut atteindre 30 m\u00e8tres de haut a \u00e9t\u00e9 longtemps utilis\u00e9 en haie, obligeant les particuliers \u00e0 le maintenir artificiellement \u00e0 une hauteur de 2 m\u00e8tres.<\/p>\n<h2><strong>Nous vous offrons des plantes !<\/strong><\/h2>\n<blockquote><p><strong>Chez GREENFLORE, nous sommes toujours \u00e0 la recherche de nouvelles plantes. Nous travaillons en collaboration avec nos p\u00e9pini\u00e9ristes pour qu&rsquo;ils nous proposent r\u00e9guli\u00e8rement des plantes avec un int\u00e9r\u00eat autant esth\u00e9tique qu&rsquo;\u00e9cologique.<\/strong><\/p><\/blockquote>\n<p>R\u00e9guli\u00e8rement avec votre accord, nous plantons gratuitement chez vous des nouvelles plantes afin qu&rsquo;elles soient test\u00e9es dans les conditions r\u00e9elles d&rsquo;utilisation. Si elles vous plaisent, vous la conservez, ce sera notre cadeau, et dans le cas contraire, nous l&rsquo;enlevons \u00e0 nos frais.<\/p>\n","protected":false},"excerpt":{"rendered":"<p>Les v\u00e9g\u00e9taux, une histoire de choix ! Implanter des v\u00e9g\u00e9taux adapt\u00e9s \u00e0 leur environnement est une attitude responsable dans la gestion d&rsquo;un jardin. Planter un saule pleureur (adapt\u00e9 en sol humide) sur un terrain sec est tout aussi aberrant que planter un Olivier (plante du bassin m\u00e9diterran\u00e9en) dans une r\u00e9gion froide. Ces deux arbres demanderaient&hellip; <br \/> <a class=\"read-more\" href=\"https:\/\/www.greenflore.fr\/?page_id=99\">Lire la suite<\/a><\/p>\n","protected":false},"author":1,"featured_media":118,"parent":0,"menu_order":0,"comment_status":"closed","ping_status":"closed","template":"","meta":{"footnotes":""},"_links":{"self":[{"href":"https:\/\/www.greenflore.fr\/index.php?rest_route=\/wp\/v2\/pages\/99"}],"collection":[{"href":"https:\/\/www.greenflore.fr\/index.php?rest_route=\/wp\/v2\/pages"}],"about":[{"href":"https:\/\/www.greenflore.fr\/index.php?rest_route=\/wp\/v2\/types\/page"}],"author":[{"embeddable":true,"href":"https:\/\/www.greenflore.fr\/index.php?rest_route=\/wp\/v2\/users\/1"}],"replies":[{"embeddable":true,"href":"https:\/\/www.greenflore.fr\/index.php?rest_route=%2Fwp%2Fv2%2Fcomments&post=99"}],"version-history":[{"count":4,"href":"https:\/\/www.greenflore.fr\/index.php?rest_route=\/wp\/v2\/pages\/99\/revisions"}],"predecessor-version":[{"id":2920,"href":"https:\/\/www.greenflore.fr\/index.php?rest_route=\/wp\/v2\/pages\/99\/revisions\/2920"}],"wp:featuredmedia":[{"embeddable":true,"href":"https:\/\/www.greenflore.fr\/index.php?rest_route=\/wp\/v2\/media\/118"}],"wp:attachment":[{"href":"https:\/\/www.greenflore.fr\/index.php?rest_route=%2Fwp%2Fv2%2Fmedia&parent=99"}],"curies":[{"name":"wp","href":"https:\/\/api.w.org\/{rel}","templated":true}]}}